{"id":1048,"date":"2023-02-17T15:41:51","date_gmt":"2023-02-17T08:41:51","guid":{"rendered":"http:\/\/ngocnguyencat.com\/linh-vuc-hoat-dong\/"},"modified":"2023-03-15T07:37:51","modified_gmt":"2023-03-15T00:37:51","slug":"linh-vuc-hoat-dong","status":"publish","type":"page","link":"https:\/\/ngocnguyencat.com\/en\/linh-vuc-hoat-dong\/","title":{"rendered":"L\u0129nh v\u1ef1c ho\u1ea1t \u0111\u1ed9ng"},"content":{"rendered":"\t<section class=\"section\" id=\"section_1200813069\">\n\t\t<div class=\"bg section-bg fill bg-fill  bg-loaded\" >\n\n\t\t\t\n\t\t\t\n\t\t\t\n\n\t\t<\/div>\n\n\t\t\n\n\t\t<div class=\"section-content relative\">\n\t\t\t\n<div class=\"row row-collapse row-full-width align-middle align-center\"  id=\"row-774200193\">\n\n\t<div id=\"col-47543792\" class=\"col small-12 large-12\"  >\n\t\t\t\t<div class=\"col-inner\"  >\n\t\t\t\n\t\t\t\n\n  <div class=\"banner has-hover\" id=\"banner-746288734\">\n          <div class=\"banner-inner fill\">\n        <div class=\"banner-bg fill\" >\n            <div class=\"bg fill bg-fill \"><\/div>\n                        <div class=\"overlay\"><\/div>            \n                    <\/div>\n\t\t\n        <div class=\"banner-layers container\">\n            <div class=\"fill banner-link\"><\/div>            \n   <div id=\"text-box-224756724\" class=\"text-box banner-layer x50 md-x50 lg-x50 y60 md-y80 lg-y80 res-text\">\n                                <div class=\"text-box-content text dark\">\n              \n              <div class=\"text-inner text-center\">\n                  \n<h3 class=\"uppercase\"><strong>L\u0128NH V\u1ef0C HO\u1ea0T \u0110\u1ed8NG<\/strong><\/h3>\n              <\/div>\n           <\/div>\n                            \n<style>\n#text-box-224756724 {\n  width: 100%;\n}\n#text-box-224756724 .text-box-content {\n  font-size: 100%;\n}\n@media (min-width:550px) {\n  #text-box-224756724 {\n    width: 60%;\n  }\n}\n<\/style>\n    <\/div>\n \n        <\/div>\n      <\/div>\n\n            \n<style>\n#banner-746288734 {\n  padding-top: 200px;\n}\n#banner-746288734 .bg.bg-loaded {\n  background-image: url(https:\/\/ngocnguyencat.com\/wp-content\/uploads\/2023\/02\/nnc-banner-1-1.jpg);\n}\n#banner-746288734 .overlay {\n  background-color: rgba(0, 0, 0, 0.6);\n}\n#banner-746288734 .bg {\n  background-position: 57% 40%;\n}\n#banner-746288734 .ux-shape-divider--top svg {\n  height: 150px;\n  --divider-top-width: 100%;\n}\n#banner-746288734 .ux-shape-divider--bottom svg {\n  height: 150px;\n  --divider-width: 100%;\n}\n@media (min-width:550px) {\n  #banner-746288734 {\n    padding-top: 250px;\n  }\n}\n<\/style>\n  <\/div>\n\n\n\t\t<\/div>\n\t\t\t\t\t<\/div>\n\n\t\n<\/div>\n\t\t<\/div>\n\n\t\t\n<style>\n#section_1200813069 {\n  padding-top: 0px;\n  padding-bottom: 0px;\n}\n#section_1200813069 .ux-shape-divider--top svg {\n  height: 150px;\n  --divider-top-width: 100%;\n}\n#section_1200813069 .ux-shape-divider--bottom svg {\n  height: 150px;\n  --divider-width: 100%;\n}\n<\/style>\n\t<\/section>\n\t\n\t<section class=\"section\" id=\"section_1894222774\">\n\t\t<div class=\"bg section-bg fill bg-fill  bg-loaded\" >\n\n\t\t\t\n\t\t\t\n\t\t\t\n\n\t\t<\/div>\n\n\t\t\n\n\t\t<div class=\"section-content relative\">\n\t\t\t\n<div class=\"row row-collapse align-equal align-center\"  id=\"row-1767731245\">\n\n\t<div id=\"col-2142066690\" class=\"col small-12 large-12\"  >\n\t\t\t\t<div class=\"col-inner\"  >\n\t\t\t\n\t\t\t\n<div class=\"row row-small align-middle align-center\"  id=\"row-875365342\">\n\n\t<div id=\"col-2029309938\" class=\"col column-home medium-8 small-10 large-8\"  data-animate=\"fadeInUp\">\n\t\t\t\t<div class=\"col-inner text-center\" style=\"background-color:rgb(238, 29, 36);\" >\n\t\t\t\n\t\t\t\n\t<div id=\"text-1641319369\" class=\"text\">\n\t\t\n<p style=\"font-weight: 400; text-align: justify;\">\u0110\u1ec3 t\u1ea1o ra nh\u1eefng s\u1ea3n ph\u1ea9m Ki\u1ebfn tr\u00fac X\u00e2y d\u1ef1ng ch\u1ea5t l\u01b0\u1ee3ng cao, C\u00f4ng ty T\u01b0 v\u1ea5n X\u00e2y d\u1ef1ng Th\u01b0\u01a1ng m\u1ea1i Ng\u1ecdc Nguy\u00ean C\u00e1t t\u1ef1 tin \u0111\u1ed3ng h\u00e0nh c\u00f9ng kh\u00e1ch h\u00e0ng, gi\u00fap ti\u1ebft ki\u1ec7m chi ph\u00ed, th\u1eddi gian v\u1edbi \u0111a d\u1ecbch v\u1ee5 t\u1eeb T\u01b0 v\u1ea5n qu\u1ea3n l\u00fd &#8211; Gi\u00e1m s\u00e1t, Thi c\u00f4ng x\u00e2y d\u1ef1ng, Kinh doanh v\u1eadt t\u01b0 &amp; thi\u1ebft b\u1ecb \u0111\u1ebfn B\u1ea3o tr\u00ec t\u00f2a nh\u00e0 &amp; h\u1ec7 th\u1ed1ng k\u1ef9 thu\u1eadt.<\/p>\n\t\t\n<style>\n#text-1641319369 {\n  color: rgb(255,255,255);\n}\n#text-1641319369 > * {\n  color: rgb(255,255,255);\n}\n<\/style>\n\t<\/div>\n\t\n\t\t<\/div>\n\t\t\t\t\n<style>\n#col-2029309938 > .col-inner {\n  padding: 20px 30px 10px 30px;\n  margin: -70px 0px 0px 0px;\n}\n@media (min-width:550px) {\n  #col-2029309938 > .col-inner {\n    margin: -70px 0px 0px 0px;\n  }\n}\n<\/style>\n\t<\/div>\n\n\t\n<\/div>\n\t\t<\/div>\n\t\t\t\t\t<\/div>\n\n\t\n<\/div>\n\t\t<\/div>\n\n\t\t\n<style>\n#section_1894222774 {\n  padding-top: 30px;\n  padding-bottom: 30px;\n}\n#section_1894222774 .ux-shape-divider--top svg {\n  height: 150px;\n  --divider-top-width: 100%;\n}\n#section_1894222774 .ux-shape-divider--bottom svg {\n  height: 150px;\n  --divider-width: 100%;\n}\n<\/style>\n\t<\/section>\n\t\n\t<section class=\"section\" id=\"section_960083809\">\n\t\t<div class=\"bg section-bg fill bg-fill  bg-loaded\" >\n\n\t\t\t\n\t\t\t\n\t\t\t\n\n\t\t<\/div>\n\n\t\t\n\n\t\t<div class=\"section-content relative\">\n\t\t\t\n<div class=\"row row-small align-equal align-center\"  id=\"row-892604060\">\n\n\t<div id=\"col-967212541\" class=\"col medium-3 small-6 large-3\"  data-animate=\"fadeInUp\">\n\t\t\t\t<div class=\"col-inner text-center\" style=\"background-color:rgb(239, 30, 36);\" >\n\t\t\t\n\t\t\t\n\t<div class=\"box has-hover   has-hover box-shadow-2-hover box-default box-text-bottom\" >\n\n\t\t<div class=\"box-image\" >\n\t\t\t<a href=\"\/tu-van-quan-ly-du-an-va-giam-sat\"  >\t\t\t<div class=\"image-zoom\" >\n\t\t\t\t<img decoding=\"async\" width=\"1000\" height=\"1000\" src=\"https:\/\/ngocnguyencat.com\/wp-content\/uploads\/2023\/03\/banner-linh-vuc-2.jpg\" class=\"attachment- size-\" alt=\"\" srcset=\"https:\/\/ngocnguyencat.com\/wp-content\/uploads\/2023\/03\/banner-linh-vuc-2.jpg 1000w, https:\/\/ngocnguyencat.com\/wp-content\/uploads\/2023\/03\/banner-linh-vuc-2-300x300.jpg 300w, https:\/\/ngocnguyencat.com\/wp-content\/uploads\/2023\/03\/banner-linh-vuc-2-150x150.jpg 150w, https:\/\/ngocnguyencat.com\/wp-content\/uploads\/2023\/03\/banner-linh-vuc-2-768x768.jpg 768w\" sizes=\"(max-width: 1000px) 100vw, 1000px\" \/>\t\t\t\t\t\t\t\t\t\t\t<\/div>\n\t\t\t<\/a>\t\t<\/div>\n\n\t\t<div class=\"box-text text-center\" >\n\t\t\t<div class=\"box-text-inner\">\n\t\t\t\t\n\t<div id=\"text-577399983\" class=\"text\">\n\t\t\n<h4><span style=\"color: #ffffff;\"><a style=\"color: #ffffff;\" href=\"https:\/\/ngocnguyencat.com\/en\/tu-van-quan-ly-du-an-va-giam-sat\/\">T\u01af V\u1ea4N QU\u1ea2N L\u00dd D\u1ef0 \u00c1N &#8211; GI\u00c1M S\u00c1T<\/a><\/span><\/h4>\n\t\t\n<style>\n#text-577399983 {\n  color: rgb(255,255,255);\n}\n#text-577399983 > * {\n  color: rgb(255,255,255);\n}\n<\/style>\n\t<\/div>\n\t\n\t\t\t<\/div>\n\t\t<\/div>\n\t<\/div>\n\t\n\t\t<\/div>\n\t\t\t\t\t<\/div>\n\n\t\n\n\t<div id=\"col-646654485\" class=\"col medium-3 small-6 large-3\"  data-animate=\"fadeInUp\">\n\t\t\t\t<div class=\"col-inner text-center\" style=\"background-color:rgb(239, 30, 36);\" >\n\t\t\t\n\t\t\t\n\t<div class=\"box has-hover   has-hover box-shadow-2-hover box-default box-text-bottom\" >\n\n\t\t<div class=\"box-image\" >\n\t\t\t<a href=\"\/thi-cong-xay-dung\"  >\t\t\t<div class=\"image-zoom\" >\n\t\t\t\t<img decoding=\"async\" width=\"1000\" height=\"1000\" src=\"https:\/\/ngocnguyencat.com\/wp-content\/uploads\/2023\/03\/banner-linh-vuc-3.jpg\" class=\"attachment- size-\" alt=\"\" srcset=\"https:\/\/ngocnguyencat.com\/wp-content\/uploads\/2023\/03\/banner-linh-vuc-3.jpg 1000w, https:\/\/ngocnguyencat.com\/wp-content\/uploads\/2023\/03\/banner-linh-vuc-3-300x300.jpg 300w, https:\/\/ngocnguyencat.com\/wp-content\/uploads\/2023\/03\/banner-linh-vuc-3-150x150.jpg 150w, https:\/\/ngocnguyencat.com\/wp-content\/uploads\/2023\/03\/banner-linh-vuc-3-768x768.jpg 768w\" sizes=\"(max-width: 1000px) 100vw, 1000px\" \/>\t\t\t\t\t\t\t\t\t\t\t<\/div>\n\t\t\t<\/a>\t\t<\/div>\n\n\t\t<div class=\"box-text text-center\" >\n\t\t\t<div class=\"box-text-inner\">\n\t\t\t\t\n\t<div id=\"text-13991842\" class=\"text\">\n\t\t\n<h4><span style=\"color: #ffffff;\"><a style=\"color: #ffffff;\" href=\"https:\/\/ngocnguyencat.com\/en\/tu-van-quan-ly-du-an-va-giam-sat\/\">THI C\u00d4NG X\u00c2Y D\u1ef0NG<\/a><\/span><\/h4>\n\t\t\n<style>\n#text-13991842 {\n  color: rgb(255,255,255);\n}\n#text-13991842 > * {\n  color: rgb(255,255,255);\n}\n<\/style>\n\t<\/div>\n\t\n\t\t\t<\/div>\n\t\t<\/div>\n\t<\/div>\n\t\n\t\t<\/div>\n\t\t\t\t\t<\/div>\n\n\t\n\n\t<div id=\"col-565975544\" class=\"col medium-3 small-6 large-3\"  data-animate=\"fadeInUp\">\n\t\t\t\t<div class=\"col-inner text-center\" style=\"background-color:rgb(239, 30, 36);\" >\n\t\t\t\n\t\t\t\n\t<div class=\"box has-hover   has-hover box-shadow-2-hover box-default box-text-bottom\" >\n\n\t\t<div class=\"box-image\" >\n\t\t\t<a href=\"\/kinh-doanh-vat-tu-thiet-bi\/\"  >\t\t\t<div class=\"image-zoom\" >\n\t\t\t\t<img decoding=\"async\" width=\"1000\" height=\"1000\" src=\"https:\/\/ngocnguyencat.com\/wp-content\/uploads\/2023\/03\/banner-linh-vuc-4.jpg\" class=\"attachment- size-\" alt=\"\" srcset=\"https:\/\/ngocnguyencat.com\/wp-content\/uploads\/2023\/03\/banner-linh-vuc-4.jpg 1000w, https:\/\/ngocnguyencat.com\/wp-content\/uploads\/2023\/03\/banner-linh-vuc-4-300x300.jpg 300w, https:\/\/ngocnguyencat.com\/wp-content\/uploads\/2023\/03\/banner-linh-vuc-4-150x150.jpg 150w, https:\/\/ngocnguyencat.com\/wp-content\/uploads\/2023\/03\/banner-linh-vuc-4-768x768.jpg 768w\" sizes=\"(max-width: 1000px) 100vw, 1000px\" \/>\t\t\t\t\t\t\t\t\t\t\t<\/div>\n\t\t\t<\/a>\t\t<\/div>\n\n\t\t<div class=\"box-text text-center\" >\n\t\t\t<div class=\"box-text-inner\">\n\t\t\t\t\n\t<div id=\"text-1017125319\" class=\"text\">\n\t\t\n<h4><span style=\"color: #ffffff;\"><a style=\"color: #ffffff;\" href=\"https:\/\/ngocnguyencat.com\/en\/kinh-doanh-vat-tu-thiet-bi\/\">KINH DOANH V\u1eacT T\u01af- THI\u1ebeT B\u1eca<\/a><\/span><\/h4>\n\t\t\n<style>\n#text-1017125319 {\n  color: rgb(255,255,255);\n}\n#text-1017125319 > * {\n  color: rgb(255,255,255);\n}\n<\/style>\n\t<\/div>\n\t\n\t\t\t<\/div>\n\t\t<\/div>\n\t<\/div>\n\t\n\t\t<\/div>\n\t\t\t\t\t<\/div>\n\n\t\n\n\t<div id=\"col-1330012260\" class=\"col medium-3 small-6 large-3\"  data-animate=\"fadeInUp\">\n\t\t\t\t<div class=\"col-inner text-center\" style=\"background-color:rgb(239, 30, 36);\" >\n\t\t\t\n\t\t\t\n\t<div class=\"box has-hover   has-hover box-shadow-2-hover box-default box-text-bottom\" >\n\n\t\t<div class=\"box-image\" >\n\t\t\t<a href=\"\/bao-tri-toa-nha-va-he-thong-ky-thuat\/\"  >\t\t\t<div class=\"image-zoom\" >\n\t\t\t\t<img decoding=\"async\" width=\"1000\" height=\"1000\" src=\"https:\/\/ngocnguyencat.com\/wp-content\/uploads\/2023\/03\/banner-linh-vuc.jpg\" class=\"attachment- size-\" alt=\"\" srcset=\"https:\/\/ngocnguyencat.com\/wp-content\/uploads\/2023\/03\/banner-linh-vuc.jpg 1000w, https:\/\/ngocnguyencat.com\/wp-content\/uploads\/2023\/03\/banner-linh-vuc-300x300.jpg 300w, https:\/\/ngocnguyencat.com\/wp-content\/uploads\/2023\/03\/banner-linh-vuc-150x150.jpg 150w, https:\/\/ngocnguyencat.com\/wp-content\/uploads\/2023\/03\/banner-linh-vuc-768x768.jpg 768w\" sizes=\"(max-width: 1000px) 100vw, 1000px\" \/>\t\t\t\t\t\t\t\t\t\t\t<\/div>\n\t\t\t<\/a>\t\t<\/div>\n\n\t\t<div class=\"box-text text-center\" >\n\t\t\t<div class=\"box-text-inner\">\n\t\t\t\t\n\t<div id=\"text-2646160486\" class=\"text\">\n\t\t\n<h4><span style=\"color: #ffffff;\"><a style=\"color: #ffffff;\" href=\"https:\/\/ngocnguyencat.com\/en\/bao-tri-toa-nha-va-he-thong-ky-thuat\/\">B\u1ea2O TR\u00cc T\u00d2A NH\u00c0 V\u00c0 H\u1ec6 TH\u1ed0NG K\u1ef8 THU\u1eacT<\/a><\/span><\/h4>\n\t\t\n<style>\n#text-2646160486 {\n  color: rgb(255,255,255);\n}\n#text-2646160486 > * {\n  color: rgb(255,255,255);\n}\n<\/style>\n\t<\/div>\n\t\n\t\t\t<\/div>\n\t\t<\/div>\n\t<\/div>\n\t\n\t\t<\/div>\n\t\t\t\t\t<\/div>\n\n\t\n<\/div>\n\t\t<\/div>\n\n\t\t\n<style>\n#section_960083809 {\n  padding-top: 0px;\n  padding-bottom: 0px;\n}\n#section_960083809 .ux-shape-divider--top svg {\n  height: 150px;\n  --divider-top-width: 100%;\n}\n#section_960083809 .ux-shape-divider--bottom svg {\n  height: 150px;\n  --divider-width: 100%;\n}\n<\/style>\n\t<\/section>\n\t\n\t<section class=\"section\" id=\"section_2068365198\">\n\t\t<div class=\"bg section-bg fill bg-fill  bg-loaded\" >\n\n\t\t\t\n\t\t\t\n\t\t\t\n\n\t\t<\/div>\n\n\t\t\n\n\t\t<div class=\"section-content relative\">\n\t\t\t\n<div class=\"row row-small align-equal align-center wrap-service-list\"  id=\"row-1047875183\">\n\n\t<div id=\"col-1736816874\" class=\"col column-service medium-3 small-6 large-3\"  data-animate=\"fadeInLeft\">\n\t\t\t\t<div class=\"col-inner text-center\"  >\n\t\t\t\n\t\t\t\n\t<div class=\"img has-hover icon-gioi-thieu x md-x lg-x y md-y lg-y\" id=\"image_1783509782\">\n\t\t\t\t\t\t\t\t<div class=\"img-inner dark\" >\n\t\t\t<img decoding=\"async\" width=\"128\" height=\"128\" src=\"https:\/\/ngocnguyencat.com\/wp-content\/uploads\/2023\/02\/honest.png\" class=\"attachment-original size-original\" alt=\"\" \/>\t\t\t\t\t\t\n\t\t\t\t\t<\/div>\n\t\t\t\t\t\t\t\t\n<style>\n#image_1783509782 {\n  width: 35%;\n}\n@media (min-width:550px) {\n  #image_1783509782 {\n    width: 25%;\n  }\n}\n<\/style>\n\t<\/div>\n\t\n<h4>TRUNG TH\u1ef0C<\/h4>\n\t\t<\/div>\n\t\t\t\t\t<\/div>\n\n\t\n\n\t<div id=\"col-18238448\" class=\"col column-service medium-3 small-6 large-3\"  data-animate=\"fadeInUp\">\n\t\t\t\t<div class=\"col-inner text-center\"  >\n\t\t\t\n\t\t\t\n\t<div class=\"img has-hover icon-gioi-thieu x md-x lg-x y md-y lg-y\" id=\"image_788981117\">\n\t\t\t\t\t\t\t\t<div class=\"img-inner dark\" >\n\t\t\t<img decoding=\"async\" width=\"128\" height=\"128\" src=\"https:\/\/ngocnguyencat.com\/wp-content\/uploads\/2023\/02\/tech-support-1.png\" class=\"attachment-original size-original\" alt=\"\" \/>\t\t\t\t\t\t\n\t\t\t\t\t<\/div>\n\t\t\t\t\t\t\t\t\n<style>\n#image_788981117 {\n  width: 35%;\n}\n@media (min-width:550px) {\n  #image_788981117 {\n    width: 25%;\n  }\n}\n<\/style>\n\t<\/div>\n\t\n<h4>CHUY\u00caN NGHI\u1ec6P<\/h4>\n\t\t<\/div>\n\t\t\t\t\t<\/div>\n\n\t\n\n\t<div id=\"col-736376380\" class=\"col column-service medium-3 small-6 large-3\"  data-animate=\"fadeInRight\">\n\t\t\t\t<div class=\"col-inner text-center\"  >\n\t\t\t\n\t\t\t\n\t<div class=\"img has-hover icon-gioi-thieu x md-x lg-x y md-y lg-y\" id=\"image_1444154597\">\n\t\t\t\t\t\t\t\t<div class=\"img-inner dark\" >\n\t\t\t<img decoding=\"async\" width=\"128\" height=\"128\" src=\"https:\/\/ngocnguyencat.com\/wp-content\/uploads\/2023\/02\/shield.png\" class=\"attachment-original size-original\" alt=\"\" \/>\t\t\t\t\t\t\n\t\t\t\t\t<\/div>\n\t\t\t\t\t\t\t\t\n<style>\n#image_1444154597 {\n  width: 35%;\n}\n@media (min-width:550px) {\n  #image_1444154597 {\n    width: 25%;\n  }\n}\n<\/style>\n\t<\/div>\n\t\n<h4>TR\u00c1CH NHI\u1ec6M<\/h4>\n\t\t<\/div>\n\t\t\t\t\t<\/div>\n\n\t\n<\/div>\n\t\t<\/div>\n\n\t\t\n<style>\n#section_2068365198 {\n  padding-top: 50px;\n  padding-bottom: 50px;\n}\n#section_2068365198 .ux-shape-divider--top svg {\n  height: 150px;\n  --divider-top-width: 100%;\n}\n#section_2068365198 .ux-shape-divider--bottom svg {\n  height: 150px;\n  --divider-width: 100%;\n}\n<\/style>\n\t<\/section>\n\t\n\t<div id=\"gap-1745446477\" class=\"gap-element clearfix\" style=\"display:block; height:auto;\">\n\t\t\n<style>\n#gap-1745446477 {\n  padding-top: 30px;\n}\n<\/style>\n\t<\/div>\n\t\n","protected":false},"excerpt":{"rendered":"","protected":false},"author":1,"featured_media":0,"parent":0,"menu_order":0,"comment_status":"closed","ping_status":"closed","template":"page-blank.php","meta":{"footnotes":""},"class_list":["post-1048","page","type-page","status-publish","hentry"],"yoast_head":"<!-- This site is optimized with the Yoast SEO Premium plugin v20.2.1 (Yoast SEO v20.4) - https:\/\/yoast.com\/wordpress\/plugins\/seo\/ -->\n<title>L\u0129nh v\u1ef1c ho\u1ea1t \u0111\u1ed9ng - Ng\u1ecdc Nguy\u00ean C\u00e1t<\/title>\n<meta name=\"robots\" content=\"index, follow, max-snippet:-1, max-image-preview:large, max-video-preview:-1\" \/>\n<link rel=\"canonical\" href=\"https:\/\/ngocnguyencat.com\/en\/linh-vuc-hoat-dong\/\" \/>\n<meta property=\"og:locale\" content=\"en_US\" \/>\n<meta property=\"og:type\" content=\"article\" \/>\n<meta property=\"og:title\" content=\"L\u0129nh v\u1ef1c ho\u1ea1t \u0111\u1ed9ng\" \/>\n<meta property=\"og:url\" content=\"https:\/\/ngocnguyencat.com\/en\/linh-vuc-hoat-dong\/\" \/>\n<meta property=\"og:site_name\" content=\"Ng\u1ecdc Nguy\u00ean C\u00e1t\" \/>\n<meta property=\"article:modified_time\" content=\"2023-03-15T00:37:51+00:00\" \/>\n<meta name=\"twitter:card\" content=\"summary_large_image\" \/>\n<meta name=\"twitter:label1\" content=\"Est. reading time\" \/>\n\t<meta name=\"twitter:data1\" content=\"2 minutes\" \/>\n<script type=\"application\/ld+json\" class=\"yoast-schema-graph\">{\"@context\":\"https:\/\/schema.org\",\"@graph\":[{\"@type\":\"WebPage\",\"@id\":\"https:\/\/ngocnguyencat.com\/en\/linh-vuc-hoat-dong\/\",\"url\":\"https:\/\/ngocnguyencat.com\/en\/linh-vuc-hoat-dong\/\",\"name\":\"L\u0129nh v\u1ef1c ho\u1ea1t \u0111\u1ed9ng - Ng\u1ecdc Nguy\u00ean C\u00e1t\",\"isPartOf\":{\"@id\":\"https:\/\/ngocnguyencat.com\/#website\"},\"datePublished\":\"2023-02-17T08:41:51+00:00\",\"dateModified\":\"2023-03-15T00:37:51+00:00\",\"breadcrumb\":{\"@id\":\"https:\/\/ngocnguyencat.com\/en\/linh-vuc-hoat-dong\/#breadcrumb\"},\"inLanguage\":\"en-US\",\"potentialAction\":[{\"@type\":\"ReadAction\",\"target\":[\"https:\/\/ngocnguyencat.com\/en\/linh-vuc-hoat-dong\/\"]}]},{\"@type\":\"BreadcrumbList\",\"@id\":\"https:\/\/ngocnguyencat.com\/en\/linh-vuc-hoat-dong\/#breadcrumb\",\"itemListElement\":[{\"@type\":\"ListItem\",\"position\":1,\"name\":\"Home\",\"item\":\"https:\/\/ngocnguyencat.com\/en\/\"},{\"@type\":\"ListItem\",\"position\":2,\"name\":\"L\u0129nh v\u1ef1c ho\u1ea1t \u0111\u1ed9ng\"}]},{\"@type\":\"WebSite\",\"@id\":\"https:\/\/ngocnguyencat.com\/#website\",\"url\":\"https:\/\/ngocnguyencat.com\/\",\"name\":\"Ng\u1ecdc Nguy\u00ean C\u00e1t\",\"description\":\"\",\"potentialAction\":[{\"@type\":\"SearchAction\",\"target\":{\"@type\":\"EntryPoint\",\"urlTemplate\":\"https:\/\/ngocnguyencat.com\/?s={search_term_string}\"},\"query-input\":\"required name=search_term_string\"}],\"inLanguage\":\"en-US\"}]}<\/script>\n<!-- \/ Yoast SEO Premium plugin. -->","yoast_head_json":{"title":"L\u0129nh v\u1ef1c ho\u1ea1t \u0111\u1ed9ng - Ng\u1ecdc Nguy\u00ean C\u00e1t","robots":{"index":"index","follow":"follow","max-snippet":"max-snippet:-1","max-image-preview":"max-image-preview:large","max-video-preview":"max-video-preview:-1"},"canonical":"https:\/\/ngocnguyencat.com\/en\/linh-vuc-hoat-dong\/","og_locale":"en_US","og_type":"article","og_title":"L\u0129nh v\u1ef1c ho\u1ea1t \u0111\u1ed9ng","og_url":"https:\/\/ngocnguyencat.com\/en\/linh-vuc-hoat-dong\/","og_site_name":"Ng\u1ecdc Nguy\u00ean C\u00e1t","article_modified_time":"2023-03-15T00:37:51+00:00","twitter_card":"summary_large_image","twitter_misc":{"Est. reading time":"2 minutes"},"schema":{"@context":"https:\/\/schema.org","@graph":[{"@type":"WebPage","@id":"https:\/\/ngocnguyencat.com\/en\/linh-vuc-hoat-dong\/","url":"https:\/\/ngocnguyencat.com\/en\/linh-vuc-hoat-dong\/","name":"L\u0129nh v\u1ef1c ho\u1ea1t \u0111\u1ed9ng - Ng\u1ecdc Nguy\u00ean C\u00e1t","isPartOf":{"@id":"https:\/\/ngocnguyencat.com\/#website"},"datePublished":"2023-02-17T08:41:51+00:00","dateModified":"2023-03-15T00:37:51+00:00","breadcrumb":{"@id":"https:\/\/ngocnguyencat.com\/en\/linh-vuc-hoat-dong\/#breadcrumb"},"inLanguage":"en-US","potentialAction":[{"@type":"ReadAction","target":["https:\/\/ngocnguyencat.com\/en\/linh-vuc-hoat-dong\/"]}]},{"@type":"BreadcrumbList","@id":"https:\/\/ngocnguyencat.com\/en\/linh-vuc-hoat-dong\/#breadcrumb","itemListElement":[{"@type":"ListItem","position":1,"name":"Home","item":"https:\/\/ngocnguyencat.com\/en\/"},{"@type":"ListItem","position":2,"name":"L\u0129nh v\u1ef1c ho\u1ea1t \u0111\u1ed9ng"}]},{"@type":"WebSite","@id":"https:\/\/ngocnguyencat.com\/#website","url":"https:\/\/ngocnguyencat.com\/","name":"Ng\u1ecdc Nguy\u00ean C\u00e1t","description":"","potentialAction":[{"@type":"SearchAction","target":{"@type":"EntryPoint","urlTemplate":"https:\/\/ngocnguyencat.com\/?s={search_term_string}"},"query-input":"required name=search_term_string"}],"inLanguage":"en-US"}]}},"_links":{"self":[{"href":"https:\/\/ngocnguyencat.com\/en\/wp-json\/wp\/v2\/pages\/1048","targetHints":{"allow":["GET"]}}],"collection":[{"href":"https:\/\/ngocnguyencat.com\/en\/wp-json\/wp\/v2\/pages"}],"about":[{"href":"https:\/\/ngocnguyencat.com\/en\/wp-json\/wp\/v2\/types\/page"}],"author":[{"embeddable":true,"href":"https:\/\/ngocnguyencat.com\/en\/wp-json\/wp\/v2\/users\/1"}],"replies":[{"embeddable":true,"href":"https:\/\/ngocnguyencat.com\/en\/wp-json\/wp\/v2\/comments?post=1048"}],"version-history":[{"count":1,"href":"https:\/\/ngocnguyencat.com\/en\/wp-json\/wp\/v2\/pages\/1048\/revisions"}],"predecessor-version":[{"id":1050,"href":"https:\/\/ngocnguyencat.com\/en\/wp-json\/wp\/v2\/pages\/1048\/revisions\/1050"}],"wp:attachment":[{"href":"https:\/\/ngocnguyencat.com\/en\/wp-json\/wp\/v2\/media?parent=1048"}],"curies":[{"name":"wp","href":"https:\/\/api.w.org\/{rel}","templated":true}]}}