{"id":1062,"date":"2023-02-27T00:01:47","date_gmt":"2023-02-26T17:01:47","guid":{"rendered":"http:\/\/ngocnguyencat.com\/kinh-doanh-vat-tu-thiet-bi\/"},"modified":"2023-02-27T00:01:47","modified_gmt":"2023-02-26T17:01:47","slug":"kinh-doanh-vat-tu-thiet-bi","status":"publish","type":"page","link":"https:\/\/ngocnguyencat.com\/en\/kinh-doanh-vat-tu-thiet-bi\/","title":{"rendered":"Kinh doanh v\u1eadt t\u01b0 &#8211; thi\u1ebft b\u1ecb"},"content":{"rendered":"\t<section class=\"section\" id=\"section_1132342675\">\n\t\t<div class=\"bg section-bg fill bg-fill  bg-loaded\" >\n\n\t\t\t\n\t\t\t\n\t\t\t\n\n\t\t<\/div>\n\n\t\t\n\n\t\t<div class=\"section-content relative\">\n\t\t\t\n<div class=\"row row-collapse row-full-width align-middle align-center\"  id=\"row-1707476966\">\n\n\t<div id=\"col-340682957\" class=\"col small-12 large-12\"  >\n\t\t\t\t<div class=\"col-inner\"  >\n\t\t\t\n\t\t\t\n\n  <div class=\"banner has-hover\" id=\"banner-1581375852\">\n          <div class=\"banner-inner fill\">\n        <div class=\"banner-bg fill\" >\n            <div class=\"bg fill bg-fill \"><\/div>\n                        <div class=\"overlay\"><\/div>            \n                    <\/div>\n\t\t\n        <div class=\"banner-layers container\">\n            <div class=\"fill banner-link\"><\/div>            \n   <div id=\"text-box-1988930532\" class=\"text-box banner-layer x50 md-x50 lg-x50 y50 md-y50 lg-y50 res-text\">\n                                <div class=\"text-box-content text dark\">\n              \n              <div class=\"text-inner text-center\">\n                  \n<h2><strong><span style=\"font-size: 75%;\">L\u0128NH V\u1ef0C HO\u1ea0T \u0110\u1ed8NG<\/span><\/strong><\/h2>\n              <\/div>\n           <\/div>\n                            \n<style>\n#text-box-1988930532 {\n  width: 100%;\n}\n#text-box-1988930532 .text-box-content {\n  font-size: 100%;\n}\n@media (min-width:550px) {\n  #text-box-1988930532 {\n    width: 60%;\n  }\n}\n<\/style>\n    <\/div>\n \n        <\/div>\n      <\/div>\n\n            \n<style>\n#banner-1581375852 {\n  padding-top: 250px;\n}\n#banner-1581375852 .bg.bg-loaded {\n  background-image: url(https:\/\/ngocnguyencat.com\/wp-content\/uploads\/2023\/02\/nnc-banner-1-1.jpg);\n}\n#banner-1581375852 .overlay {\n  background-color: rgba(0, 0, 0, 0.6);\n}\n#banner-1581375852 .bg {\n  background-position: 57% 40%;\n}\n#banner-1581375852 .ux-shape-divider--top svg {\n  height: 150px;\n  --divider-top-width: 100%;\n}\n#banner-1581375852 .ux-shape-divider--bottom svg {\n  height: 150px;\n  --divider-width: 100%;\n}\n<\/style>\n  <\/div>\n\n\n\t\t<\/div>\n\t\t\t\t\t<\/div>\n\n\t\n<\/div>\n\t\t<\/div>\n\n\t\t\n<style>\n#section_1132342675 {\n  padding-top: 0px;\n  padding-bottom: 0px;\n}\n#section_1132342675 .ux-shape-divider--top svg {\n  height: 150px;\n  --divider-top-width: 100%;\n}\n#section_1132342675 .ux-shape-divider--bottom svg {\n  height: 150px;\n  --divider-width: 100%;\n}\n<\/style>\n\t<\/section>\n\t\n\t<section class=\"section\" id=\"section_1987950232\">\n\t\t<div class=\"bg section-bg fill bg-fill  bg-loaded\" >\n\n\t\t\t\n\t\t\t\n\t\t\t\n\n\t\t<\/div>\n\n\t\t\n\n\t\t<div class=\"section-content relative\">\n\t\t\t\n<div class=\"row align-bottom align-center\"  id=\"row-282263481\">\n\n\t<div id=\"col-1759312138\" class=\"col small-12 large-12\"  data-animate=\"fadeInUp\">\n\t\t\t\t<div class=\"col-inner\"  >\n\t\t\t\n\t\t\t\n\t<div id=\"gap-2104131657\" class=\"gap-element clearfix\" style=\"display:block; height:auto;\">\n\t\t\n<style>\n#gap-2104131657 {\n  padding-top: 15px;\n}\n<\/style>\n\t<\/div>\n\t\n<h1>KINH DOANH V\u1eacT T\u01af- THI\u1ebeT B\u1eca<\/h1>\n\t<div id=\"gap-368029767\" class=\"gap-element clearfix\" style=\"display:block; height:auto;\">\n\t\t\n<style>\n#gap-368029767 {\n  padding-top: 15px;\n}\n<\/style>\n\t<\/div>\n\t\n<div class=\"row row-large align-equal align-center\"  id=\"row-1450124328\">\n\n\t<div id=\"col-313686961\" class=\"col medium-6 small-12 large-6\"  >\n\t\t\t\t<div class=\"col-inner\"  >\n\t\t\t\n\t\t\t\n<p style=\"text-align: justify;\">\u0110\u1ea7u t\u01b0 kinh doanh V\u1eadt T\u01b0 &#8211; Thi\u1ebft b\u1ecb x\u00e2y d\u1ef1ng \u0111\u01b0\u1ee3c \u0111\u00e1nh gi\u00e1 l\u00e0 l\u0129nh v\u1ef1c h\u1ed7 tr\u1ee3 v\u00e0 li\u00ean quan m\u1eadt thi\u1ebft t\u1edbi c\u00e1c l\u0129nh v\u1ef1c m\u0169i nh\u1ecdn: T\u01b0 v\u1ea5n qu\u1ea3n l\u00fd d\u1ef1 \u00e1n &#8211; gi\u00e1m s\u00e1t v\u00e0 Thi c\u00f4ng x\u00e2y d\u1ef1ng. Ng\u1ecdc Nguy\u00ean C\u00e1t li\u00ean k\u1ebft v\u1edbi c\u00e1c \u0111\u1ed1i t\u00e1c l\u00e0 Nh\u00e0 S\u1ea3n Xu\u1ea5t, nh\u00e0 ph\u00e2n ph\u1ed1i ch\u00ednh th\u1ee9c v\u1ec1 c\u00e1c s\u1ea3n ph\u1ea9m Thi\u1ebft B\u1ecb &#8211; VLXD trong v\u00e0 ngo\u00e0i n\u01b0\u1edbc. V\u1edbi kh\u00e1ch h\u00e0ng, b\u1ed9 ph\u1eadn t\u01b0 v\u1ea5n v\u00e0 h\u1ec7 th\u1ed1ng s\u1ea3n ph\u1ea9m m\u00e0 ch\u00fang t\u00f4i ph\u00e2n ph\u1ed1i s\u1ebd t\u1ef1 tin mang l\u1ea1i s\u1ef1 l\u1ef1a ch\u1ecdn Ph\u00f9 h\u1ee3p &#8211; Ch\u1ea5t l\u01b0\u1ee3ng &#8211; Th\u1ea9m m\u1ef9 v\u1edbi chi ph\u00ed h\u1ee3p l\u00ed v\u00e0 \u0111\u1eb7c bi\u1ec7t l\u00e0 gia t\u0103ng v\u01b0\u1ee3t tr\u1ed9i gi\u00e1 tr\u1ecb s\u1eed d\u1ee5ng cho d\u1ef1 \u00e1n.<\/p>\n\t\t<\/div>\n\t\t\t\t\t<\/div>\n\n\t\n\n\t<div id=\"col-2017369692\" class=\"col medium-6 small-12 large-6\"  >\n\t\t\t\t<div class=\"col-inner\"  >\n\t\t\t\n\t\t\t\n\t<div class=\"img has-hover x md-x lg-x y md-y lg-y\" id=\"image_17406960\">\n\t\t\t\t\t\t\t\t<div class=\"img-inner dark\" >\n\t\t\t<img decoding=\"async\" width=\"2000\" height=\"1049\" src=\"https:\/\/ngocnguyencat.com\/wp-content\/uploads\/2023\/03\/linh-vuc-hoat-dong-nnc-4.jpeg\" class=\"attachment-original size-original\" alt=\"\" srcset=\"https:\/\/ngocnguyencat.com\/wp-content\/uploads\/2023\/03\/linh-vuc-hoat-dong-nnc-4.jpeg 2000w, https:\/\/ngocnguyencat.com\/wp-content\/uploads\/2023\/03\/linh-vuc-hoat-dong-nnc-4-300x157.jpeg 300w, https:\/\/ngocnguyencat.com\/wp-content\/uploads\/2023\/03\/linh-vuc-hoat-dong-nnc-4-1024x537.jpeg 1024w, https:\/\/ngocnguyencat.com\/wp-content\/uploads\/2023\/03\/linh-vuc-hoat-dong-nnc-4-768x403.jpeg 768w, https:\/\/ngocnguyencat.com\/wp-content\/uploads\/2023\/03\/linh-vuc-hoat-dong-nnc-4-1536x806.jpeg 1536w\" sizes=\"(max-width: 2000px) 100vw, 2000px\" \/>\t\t\t\t\t\t\n\t\t\t\t\t<\/div>\n\t\t\t\t\t\t\t\t\n<style>\n#image_17406960 {\n  width: 100%;\n}\n<\/style>\n\t<\/div>\n\t\n\t\t<\/div>\n\t\t\t\t\t<\/div>\n\n\t\n<\/div>\n\t\t<\/div>\n\t\t\t\t\t<\/div>\n\n\t\n<\/div>\n\t\t<\/div>\n\n\t\t\n<style>\n#section_1987950232 {\n  padding-top: 10px;\n  padding-bottom: 10px;\n  margin-bottom: 0px;\n  min-height: 0px;\n}\n#section_1987950232 .ux-shape-divider--top svg {\n  height: 150px;\n  --divider-top-width: 100%;\n}\n#section_1987950232 .ux-shape-divider--bottom svg {\n  height: 150px;\n  --divider-width: 100%;\n}\n@media (min-width:550px) {\n  #section_1987950232 {\n    padding-top: 15px;\n    padding-bottom: 15px;\n  }\n}\n<\/style>\n\t<\/section>\n\t\n\t<section class=\"section\" id=\"section_1702573848\">\n\t\t<div class=\"bg section-bg fill bg-fill  bg-loaded\" >\n\n\t\t\t\n\t\t\t\n\t\t\t\n\n\t\t<\/div>\n\n\t\t\n\n\t\t<div class=\"section-content relative\">\n\t\t\t\n<div class=\"row row-small align-equal align-center wrap-service-list\"  id=\"row-1665228459\">\n\n\t<div id=\"col-449129217\" class=\"col column-service medium-3 small-6 large-3\"  data-animate=\"fadeInLeft\">\n\t\t\t\t<div class=\"col-inner text-center\"  >\n\t\t\t\n\t\t\t\n\t<div class=\"img has-hover icon-gioi-thieu x md-x lg-x y md-y lg-y\" id=\"image_1588729726\">\n\t\t\t\t\t\t\t\t<div class=\"img-inner dark\" >\n\t\t\t<img decoding=\"async\" width=\"128\" height=\"128\" src=\"https:\/\/ngocnguyencat.com\/wp-content\/uploads\/2023\/02\/honest.png\" class=\"attachment-original size-original\" alt=\"\" \/>\t\t\t\t\t\t\n\t\t\t\t\t<\/div>\n\t\t\t\t\t\t\t\t\n<style>\n#image_1588729726 {\n  width: 35%;\n}\n@media (min-width:550px) {\n  #image_1588729726 {\n    width: 25%;\n  }\n}\n<\/style>\n\t<\/div>\n\t\n<h4>TRUNG TH\u1ef0C<\/h4>\n\t\t<\/div>\n\t\t\t\t\t<\/div>\n\n\t\n\n\t<div id=\"col-51254377\" class=\"col column-service medium-3 small-6 large-3\"  data-animate=\"fadeInUp\">\n\t\t\t\t<div class=\"col-inner text-center\"  >\n\t\t\t\n\t\t\t\n\t<div class=\"img has-hover icon-gioi-thieu x md-x lg-x y md-y lg-y\" id=\"image_1730126490\">\n\t\t\t\t\t\t\t\t<div class=\"img-inner dark\" >\n\t\t\t<img decoding=\"async\" width=\"128\" height=\"128\" src=\"https:\/\/ngocnguyencat.com\/wp-content\/uploads\/2023\/02\/tech-support-1.png\" class=\"attachment-original size-original\" alt=\"\" \/>\t\t\t\t\t\t\n\t\t\t\t\t<\/div>\n\t\t\t\t\t\t\t\t\n<style>\n#image_1730126490 {\n  width: 35%;\n}\n@media (min-width:550px) {\n  #image_1730126490 {\n    width: 25%;\n  }\n}\n<\/style>\n\t<\/div>\n\t\n<h4>CHUY\u00caN NGHI\u1ec6P<\/h4>\n\t\t<\/div>\n\t\t\t\t\t<\/div>\n\n\t\n\n\t<div id=\"col-720294512\" class=\"col column-service medium-3 small-6 large-3\"  data-animate=\"fadeInRight\">\n\t\t\t\t<div class=\"col-inner text-center\"  >\n\t\t\t\n\t\t\t\n\t<div class=\"img has-hover icon-gioi-thieu x md-x lg-x y md-y lg-y\" id=\"image_714140305\">\n\t\t\t\t\t\t\t\t<div class=\"img-inner dark\" >\n\t\t\t<img decoding=\"async\" width=\"128\" height=\"128\" src=\"https:\/\/ngocnguyencat.com\/wp-content\/uploads\/2023\/02\/shield.png\" class=\"attachment-original size-original\" alt=\"\" \/>\t\t\t\t\t\t\n\t\t\t\t\t<\/div>\n\t\t\t\t\t\t\t\t\n<style>\n#image_714140305 {\n  width: 35%;\n}\n@media (min-width:550px) {\n  #image_714140305 {\n    width: 25%;\n  }\n}\n<\/style>\n\t<\/div>\n\t\n<h4>TR\u00c1CH NHI\u1ec6M<\/h4>\n\t\t<\/div>\n\t\t\t\t\t<\/div>\n\n\t\n<\/div>\n\t\t<\/div>\n\n\t\t\n<style>\n#section_1702573848 {\n  padding-top: 50px;\n  padding-bottom: 50px;\n}\n#section_1702573848 .ux-shape-divider--top svg {\n  height: 150px;\n  --divider-top-width: 100%;\n}\n#section_1702573848 .ux-shape-divider--bottom svg {\n  height: 150px;\n  --divider-width: 100%;\n}\n<\/style>\n\t<\/section>\n\t\n\t<section class=\"section\" id=\"section_89590538\">\n\t\t<div class=\"bg section-bg fill bg-fill  bg-loaded\" >\n\n\t\t\t\n\t\t\t\n\t\t\t\n\n\t\t<\/div>\n\n\t\t\n\n\t\t<div class=\"section-content relative\">\n\t\t\t\n<div class=\"row row-small align-middle align-center\"  id=\"row-241569233\">\n\n\t<div id=\"col-1618726335\" class=\"col small-12 large-12\"  data-animate=\"fadeInUp\">\n\t\t\t\t<div class=\"col-inner\"  >\n\t\t\t\n\t\t\t\n<h2 class=\"title-linh-vuc-mb\">C\u00c1C L\u0128NH V\u1ef0C KH\u00c1C<\/h2>\n\t\t<\/div>\n\t\t\t\t\t<\/div>\n\n\t\n<\/div>\n<div class=\"row row-small align-center\"  id=\"row-498703506\">\n\n\t<div id=\"col-1846551361\" class=\"col medium-4 small-12 large-4\"  data-animate=\"fadeInUp\">\n\t\t\t\t<div class=\"col-inner\"  >\n\t\t\t\n\t\t\t\n\t<div class=\"img has-hover img-linh-vuc x md-x lg-x y md-y lg-y\" id=\"image_1080319630\">\n\t\t<a class=\"\" href=\"\/tu-van-quan-ly-du-an-va-giam-sat\"  >\t\t\t\t\t\t<div class=\"img-inner dark\" >\n\t\t\t<img decoding=\"async\" width=\"1500\" height=\"1000\" src=\"https:\/\/ngocnguyencat.com\/wp-content\/uploads\/2023\/03\/linh-vuc-hoat-dong-nnc-1-1.jpg\" class=\"attachment-original size-original\" alt=\"\" srcset=\"https:\/\/ngocnguyencat.com\/wp-content\/uploads\/2023\/03\/linh-vuc-hoat-dong-nnc-1-1.jpg 1500w, https:\/\/ngocnguyencat.com\/wp-content\/uploads\/2023\/03\/linh-vuc-hoat-dong-nnc-1-1-300x200.jpg 300w, https:\/\/ngocnguyencat.com\/wp-content\/uploads\/2023\/03\/linh-vuc-hoat-dong-nnc-1-1-1024x683.jpg 1024w, https:\/\/ngocnguyencat.com\/wp-content\/uploads\/2023\/03\/linh-vuc-hoat-dong-nnc-1-1-768x512.jpg 768w\" sizes=\"(max-width: 1500px) 100vw, 1500px\" \/>\t\t\t\t\t\t\n\t\t\t\t\t<\/div>\n\t\t\t\t\t\t<\/a>\t\t\n<style>\n#image_1080319630 {\n  width: 100%;\n}\n<\/style>\n\t<\/div>\n\t\n\t\t<\/div>\n\t\t\t\t\t<\/div>\n\n\t\n\n\t<div id=\"col-960125705\" class=\"col column-linh-vuc medium-8 small-12 large-8\"  data-animate=\"fadeInUp\">\n\t\t\t\t<div class=\"col-inner\"  >\n\t\t\t\n\t\t\t\n<h3><a href=\"https:\/\/ngocnguyencat.com\/en\/tu-van-quan-ly-du-an-va-giam-sat\/\">T\u01af V\u1ea4N QU\u1ea2N L\u00dd D\u1ef0 \u00c1N \u2013 GI\u00c1M S\u00c1T<br \/>\n<\/a><\/h3>\n<p><a href=\"\/tu-van-quan-ly-du-an-giam-sat\">Ng\u1ecdc Nguy\u00ean C\u00e1t cung c\u1ea5p d\u1ecbch v\u1ee5 Qu\u1ea3n l\u00fd d\u1ef1 \u00e1n &#8211; Gi\u00e1m s\u00e1t cho c\u00e1c d\u1ef1 \u00e1n d\u00e2n d\u1ee5ng, c\u00f4ng nghi\u1ec7p, h\u1ea1 t\u1ea7ng k\u1ef9 thu\u1eadt, l\u1eafp \u0111\u1eb7t thi\u1ebft b\u1ecb (C\u01a1 \u0111i\u1ec7n, c\u1ea5p n\u01b0\u1edbc, tho\u00e1t n\u01b0\u1edbc). \u0110\u1ecbnh h\u01b0\u1edbng ph\u00e1t tri\u1ec3n l\u0129nh v\u1ef1c n\u00e0y h\u01b0\u1edbng t\u1edbi gi\u00e1 tr\u1ecb \u1ed5n \u0111\u1ecbnh &#8211; b\u1ec1n v\u1eefng l\u1ea5y tr\u1ecdng t\u00e2m l\u00e0 \u0111\u1ed9i ng\u0169 nh\u00e2n s\u1ef1 v\u00e0 h\u1ec7 th\u1ed1ng qu\u1ea3n l\u00fd.<\/a><\/p>\n\t\t<\/div>\n\t\t\t\t\t<\/div>\n\n\t\n<\/div>\n<div class=\"row row-small align-center\"  id=\"row-402023308\">\n\n\t<div id=\"col-2144162823\" class=\"col medium-4 small-12 large-4\"  data-animate=\"fadeInUp\">\n\t\t\t\t<div class=\"col-inner\"  >\n\t\t\t\n\t\t\t\n\t<div class=\"img has-hover img-linh-vuc x md-x lg-x y md-y lg-y\" id=\"image_1059940270\">\n\t\t<a class=\"\" href=\"\/thi-cong-xay-dung\"  >\t\t\t\t\t\t<div class=\"img-inner dark\" >\n\t\t\t<img decoding=\"async\" width=\"1920\" height=\"900\" src=\"https:\/\/ngocnguyencat.com\/wp-content\/uploads\/2023\/02\/nnc-banner-1-1.jpg\" class=\"attachment-original size-original\" alt=\"\" srcset=\"https:\/\/ngocnguyencat.com\/wp-content\/uploads\/2023\/02\/nnc-banner-1-1.jpg 1920w, https:\/\/ngocnguyencat.com\/wp-content\/uploads\/2023\/02\/nnc-banner-1-1-300x141.jpg 300w, https:\/\/ngocnguyencat.com\/wp-content\/uploads\/2023\/02\/nnc-banner-1-1-1024x480.jpg 1024w, https:\/\/ngocnguyencat.com\/wp-content\/uploads\/2023\/02\/nnc-banner-1-1-768x360.jpg 768w, https:\/\/ngocnguyencat.com\/wp-content\/uploads\/2023\/02\/nnc-banner-1-1-1536x720.jpg 1536w\" sizes=\"(max-width: 1920px) 100vw, 1920px\" \/>\t\t\t\t\t\t\n\t\t\t\t\t<\/div>\n\t\t\t\t\t\t<\/a>\t\t\n<style>\n#image_1059940270 {\n  width: 100%;\n}\n<\/style>\n\t<\/div>\n\t\n\t\t<\/div>\n\t\t\t\t\t<\/div>\n\n\t\n\n\t<div id=\"col-1735847076\" class=\"col column-linh-vuc medium-8 small-12 large-8\"  data-animate=\"fadeInUp\">\n\t\t\t\t<div class=\"col-inner\"  >\n\t\t\t\n\t\t\t\n<h3 style=\"text-align: justify;\"><a href=\"https:\/\/ngocnguyencat.com\/en\/thi-cong-xay-dung\/\">THI C\u00d4NG X\u00c2Y D\u1ef0NG<\/a><\/h3>\n<p style=\"text-align: justify;\"><a href=\"https:\/\/ngocnguyencat.com\/en\/thi-cong-xay-dung\/\">V\u1edbi \u0111\u1ecbnh h\u01b0\u1edbng ph\u00e1t tri\u1ec3n r\u00f5 r\u00e0ng, l\u0129nh v\u1ef1c thi c\u00f4ng x\u00e2y d\u1ef1ng s\u1ebd tr\u1edf th\u00e0nh th\u1ebf m\u1ea1nh t\u1ea1o gi\u00e1 tr\u1ecb cho s\u1ef1 ph\u00e1t tri\u1ec3n \u0111\u1ed9t ph\u00e1 trong t\u01b0\u01a1ng lai v\u1edbi tr\u1ecdng t\u00e2m l\u00e0 \u1ee9ng d\u1ee5ng k\u1ecbp th\u1eddi c\u00e1c gi\u1ea3i ph\u00e1p thi c\u00f4ng ti\u00ean ti\u1ebfn v\u00e0 quy tr\u00ecnh ki\u1ec3m so\u00e1t ch\u1ea5t l\u01b0\u1ee3ng nghi\u00eam ng\u1eb7t&#8230;<\/a><\/p>\n\t\t<\/div>\n\t\t\t\t\t<\/div>\n\n\t\n<\/div>\n<div class=\"row row-small align-center\"  id=\"row-748194096\">\n\n\t<div id=\"col-1191652434\" class=\"col medium-4 small-12 large-4\"  data-animate=\"fadeInUp\">\n\t\t\t\t<div class=\"col-inner\"  >\n\t\t\t\n\t\t\t\n\t<div class=\"img has-hover img-linh-vuc x md-x lg-x y md-y lg-y\" id=\"image_699033302\">\n\t\t<a class=\"\" href=\"\/bao-tri-toa-nha-va-he-thong-ky-thuat\"  >\t\t\t\t\t\t<div class=\"img-inner dark\" >\n\t\t\t<img decoding=\"async\" width=\"1163\" height=\"775\" src=\"https:\/\/ngocnguyencat.com\/wp-content\/uploads\/2023\/03\/linh-vuc-hoat-dong-nnc-2.jpg\" class=\"attachment-original size-original\" alt=\"\" srcset=\"https:\/\/ngocnguyencat.com\/wp-content\/uploads\/2023\/03\/linh-vuc-hoat-dong-nnc-2.jpg 1163w, https:\/\/ngocnguyencat.com\/wp-content\/uploads\/2023\/03\/linh-vuc-hoat-dong-nnc-2-300x200.jpg 300w, https:\/\/ngocnguyencat.com\/wp-content\/uploads\/2023\/03\/linh-vuc-hoat-dong-nnc-2-1024x682.jpg 1024w, https:\/\/ngocnguyencat.com\/wp-content\/uploads\/2023\/03\/linh-vuc-hoat-dong-nnc-2-768x512.jpg 768w\" sizes=\"(max-width: 1163px) 100vw, 1163px\" \/>\t\t\t\t\t\t\n\t\t\t\t\t<\/div>\n\t\t\t\t\t\t<\/a>\t\t\n<style>\n#image_699033302 {\n  width: 100%;\n}\n<\/style>\n\t<\/div>\n\t\n\t\t<\/div>\n\t\t\t\t\t<\/div>\n\n\t\n\n\t<div id=\"col-1948397651\" class=\"col column-linh-vuc medium-8 small-12 large-8\"  data-animate=\"fadeInUp\">\n\t\t\t\t<div class=\"col-inner\"  >\n\t\t\t\n\t\t\t\n<h3 style=\"text-align: justify;\"><a href=\"https:\/\/ngocnguyencat.com\/en\/bao-tri-toa-nha-va-he-thong-ky-thuat\/\">B\u1ea2O TR\u00cc T\u00d2A NH\u00c0 V\u00c0 H\u1ec6 TH\u1ed0NG K\u1ef8 THU\u1eacT<\/a><\/h3>\n<p style=\"text-align: justify;\"><a href=\"https:\/\/ngocnguyencat.com\/en\/bao-tri-toa-nha-va-he-thong-ky-thuat\/\">C\u00f9ng v\u1edbi \u0111\u1ecbnh h\u01b0\u1edbng chi\u1ebfn l\u01b0\u1ee3c d\u00e0i h\u1ea1n, Ng\u1ecdc Nguy\u00ean C\u00e1t \u0111\u1ea7u t\u01b0 m\u1edf r\u1ed9ng l\u0129nh v\u1ef1c cung c\u1ea5p d\u1ecbch v\u1ee5 b\u1ea3o tr\u00ec t\u00f2a nh\u00e0 v\u00e0 h\u1ec7 th\u1ed1ng k\u1ef9 thu\u1eadt theo ti\u00eau chu\u1ea9n cao, nhanh ch\u00f3ng v\u00e0 hi\u1ec7u qu\u1ea3&#8230;.<\/a><\/p>\n\t\t<\/div>\n\t\t\t\t\t<\/div>\n\n\t\n<\/div>\n\t\t<\/div>\n\n\t\t\n<style>\n#section_89590538 {\n  padding-top: 30px;\n  padding-bottom: 30px;\n}\n#section_89590538 .ux-shape-divider--top svg {\n  height: 150px;\n  --divider-top-width: 100%;\n}\n#section_89590538 .ux-shape-divider--bottom svg {\n  height: 150px;\n  --divider-width: 100%;\n}\n<\/style>\n\t<\/section>\n\t\n","protected":false},"excerpt":{"rendered":"","protected":false},"author":1,"featured_media":0,"parent":0,"menu_order":0,"comment_status":"closed","ping_status":"closed","template":"page-blank.php","meta":{"footnotes":""},"class_list":["post-1062","page","type-page","status-publish","hentry"],"yoast_head":"<!-- This site is optimized with the Yoast SEO Premium plugin v20.2.1 (Yoast SEO v20.4) - https:\/\/yoast.com\/wordpress\/plugins\/seo\/ -->\n<title>Kinh doanh v\u1eadt t\u01b0 - thi\u1ebft b\u1ecb - Ng\u1ecdc Nguy\u00ean C\u00e1t<\/title>\n<meta name=\"robots\" content=\"index, follow, max-snippet:-1, max-image-preview:large, max-video-preview:-1\" \/>\n<link rel=\"canonical\" href=\"https:\/\/ngocnguyencat.com\/en\/kinh-doanh-vat-tu-thiet-bi\/\" \/>\n<meta property=\"og:locale\" content=\"en_US\" \/>\n<meta property=\"og:type\" content=\"article\" \/>\n<meta property=\"og:title\" content=\"Kinh doanh v\u1eadt t\u01b0 - thi\u1ebft b\u1ecb\" \/>\n<meta property=\"og:url\" content=\"https:\/\/ngocnguyencat.com\/en\/kinh-doanh-vat-tu-thiet-bi\/\" \/>\n<meta property=\"og:site_name\" content=\"Ng\u1ecdc Nguy\u00ean C\u00e1t\" \/>\n<meta name=\"twitter:card\" content=\"summary_large_image\" \/>\n<meta name=\"twitter:label1\" content=\"Est. reading time\" \/>\n\t<meta name=\"twitter:data1\" content=\"4 minutes\" \/>\n<script type=\"application\/ld+json\" class=\"yoast-schema-graph\">{\"@context\":\"https:\/\/schema.org\",\"@graph\":[{\"@type\":\"WebPage\",\"@id\":\"https:\/\/ngocnguyencat.com\/en\/kinh-doanh-vat-tu-thiet-bi\/\",\"url\":\"https:\/\/ngocnguyencat.com\/en\/kinh-doanh-vat-tu-thiet-bi\/\",\"name\":\"Kinh doanh v\u1eadt t\u01b0 - thi\u1ebft b\u1ecb - Ng\u1ecdc Nguy\u00ean C\u00e1t\",\"isPartOf\":{\"@id\":\"https:\/\/ngocnguyencat.com\/#website\"},\"datePublished\":\"2023-02-26T17:01:47+00:00\",\"dateModified\":\"2023-02-26T17:01:47+00:00\",\"breadcrumb\":{\"@id\":\"https:\/\/ngocnguyencat.com\/en\/kinh-doanh-vat-tu-thiet-bi\/#breadcrumb\"},\"inLanguage\":\"en-US\",\"potentialAction\":[{\"@type\":\"ReadAction\",\"target\":[\"https:\/\/ngocnguyencat.com\/en\/kinh-doanh-vat-tu-thiet-bi\/\"]}]},{\"@type\":\"BreadcrumbList\",\"@id\":\"https:\/\/ngocnguyencat.com\/en\/kinh-doanh-vat-tu-thiet-bi\/#breadcrumb\",\"itemListElement\":[{\"@type\":\"ListItem\",\"position\":1,\"name\":\"Home\",\"item\":\"https:\/\/ngocnguyencat.com\/en\/\"},{\"@type\":\"ListItem\",\"position\":2,\"name\":\"Kinh doanh v\u1eadt t\u01b0 &#8211; thi\u1ebft b\u1ecb\"}]},{\"@type\":\"WebSite\",\"@id\":\"https:\/\/ngocnguyencat.com\/#website\",\"url\":\"https:\/\/ngocnguyencat.com\/\",\"name\":\"Ng\u1ecdc Nguy\u00ean C\u00e1t\",\"description\":\"\",\"potentialAction\":[{\"@type\":\"SearchAction\",\"target\":{\"@type\":\"EntryPoint\",\"urlTemplate\":\"https:\/\/ngocnguyencat.com\/?s={search_term_string}\"},\"query-input\":\"required name=search_term_string\"}],\"inLanguage\":\"en-US\"}]}<\/script>\n<!-- \/ Yoast SEO Premium plugin. -->","yoast_head_json":{"title":"Kinh doanh v\u1eadt t\u01b0 - thi\u1ebft b\u1ecb - Ng\u1ecdc Nguy\u00ean C\u00e1t","robots":{"index":"index","follow":"follow","max-snippet":"max-snippet:-1","max-image-preview":"max-image-preview:large","max-video-preview":"max-video-preview:-1"},"canonical":"https:\/\/ngocnguyencat.com\/en\/kinh-doanh-vat-tu-thiet-bi\/","og_locale":"en_US","og_type":"article","og_title":"Kinh doanh v\u1eadt t\u01b0 - thi\u1ebft b\u1ecb","og_url":"https:\/\/ngocnguyencat.com\/en\/kinh-doanh-vat-tu-thiet-bi\/","og_site_name":"Ng\u1ecdc Nguy\u00ean C\u00e1t","twitter_card":"summary_large_image","twitter_misc":{"Est. reading time":"4 minutes"},"schema":{"@context":"https:\/\/schema.org","@graph":[{"@type":"WebPage","@id":"https:\/\/ngocnguyencat.com\/en\/kinh-doanh-vat-tu-thiet-bi\/","url":"https:\/\/ngocnguyencat.com\/en\/kinh-doanh-vat-tu-thiet-bi\/","name":"Kinh doanh v\u1eadt t\u01b0 - thi\u1ebft b\u1ecb - Ng\u1ecdc Nguy\u00ean C\u00e1t","isPartOf":{"@id":"https:\/\/ngocnguyencat.com\/#website"},"datePublished":"2023-02-26T17:01:47+00:00","dateModified":"2023-02-26T17:01:47+00:00","breadcrumb":{"@id":"https:\/\/ngocnguyencat.com\/en\/kinh-doanh-vat-tu-thiet-bi\/#breadcrumb"},"inLanguage":"en-US","potentialAction":[{"@type":"ReadAction","target":["https:\/\/ngocnguyencat.com\/en\/kinh-doanh-vat-tu-thiet-bi\/"]}]},{"@type":"BreadcrumbList","@id":"https:\/\/ngocnguyencat.com\/en\/kinh-doanh-vat-tu-thiet-bi\/#breadcrumb","itemListElement":[{"@type":"ListItem","position":1,"name":"Home","item":"https:\/\/ngocnguyencat.com\/en\/"},{"@type":"ListItem","position":2,"name":"Kinh doanh v\u1eadt t\u01b0 &#8211; thi\u1ebft b\u1ecb"}]},{"@type":"WebSite","@id":"https:\/\/ngocnguyencat.com\/#website","url":"https:\/\/ngocnguyencat.com\/","name":"Ng\u1ecdc Nguy\u00ean C\u00e1t","description":"","potentialAction":[{"@type":"SearchAction","target":{"@type":"EntryPoint","urlTemplate":"https:\/\/ngocnguyencat.com\/?s={search_term_string}"},"query-input":"required name=search_term_string"}],"inLanguage":"en-US"}]}},"_links":{"self":[{"href":"https:\/\/ngocnguyencat.com\/en\/wp-json\/wp\/v2\/pages\/1062","targetHints":{"allow":["GET"]}}],"collection":[{"href":"https:\/\/ngocnguyencat.com\/en\/wp-json\/wp\/v2\/pages"}],"about":[{"href":"https:\/\/ngocnguyencat.com\/en\/wp-json\/wp\/v2\/types\/page"}],"author":[{"embeddable":true,"href":"https:\/\/ngocnguyencat.com\/en\/wp-json\/wp\/v2\/users\/1"}],"replies":[{"embeddable":true,"href":"https:\/\/ngocnguyencat.com\/en\/wp-json\/wp\/v2\/comments?post=1062"}],"version-history":[{"count":0,"href":"https:\/\/ngocnguyencat.com\/en\/wp-json\/wp\/v2\/pages\/1062\/revisions"}],"wp:attachment":[{"href":"https:\/\/ngocnguyencat.com\/en\/wp-json\/wp\/v2\/media?parent=1062"}],"curies":[{"name":"wp","href":"https:\/\/api.w.org\/{rel}","templated":true}]}}