{"id":1064,"date":"2023-02-26T23:05:41","date_gmt":"2023-02-26T16:05:41","guid":{"rendered":"http:\/\/ngocnguyencat.com\/tu-van-quan-ly-du-an-va-giam-sat\/"},"modified":"2023-02-26T23:05:41","modified_gmt":"2023-02-26T16:05:41","slug":"tu-van-quan-ly-du-an-va-giam-sat","status":"publish","type":"page","link":"https:\/\/ngocnguyencat.com\/en\/tu-van-quan-ly-du-an-va-giam-sat\/","title":{"rendered":"T\u01b0 v\u1ea5n qu\u1ea3n l\u00fd d\u1ef1 \u00e1n v\u00e0 gi\u00e1m s\u00e1t"},"content":{"rendered":"\t<section class=\"section\" id=\"section_1414296934\">\n\t\t<div class=\"bg section-bg fill bg-fill  bg-loaded\" >\n\n\t\t\t\n\t\t\t\n\t\t\t\n\n\t\t<\/div>\n\n\t\t\n\n\t\t<div class=\"section-content relative\">\n\t\t\t\n<div class=\"row row-collapse row-full-width align-middle align-center\"  id=\"row-1544686116\">\n\n\t<div id=\"col-1542892546\" class=\"col small-12 large-12\"  >\n\t\t\t\t<div class=\"col-inner\"  >\n\t\t\t\n\t\t\t\n\n  <div class=\"banner has-hover\" id=\"banner-21942895\">\n          <div class=\"banner-inner fill\">\n        <div class=\"banner-bg fill\" >\n            <div class=\"bg fill bg-fill \"><\/div>\n                        <div class=\"overlay\"><\/div>            \n                    <\/div>\n\t\t\n        <div class=\"banner-layers container\">\n            <div class=\"fill banner-link\"><\/div>            \n   <div id=\"text-box-998058786\" class=\"text-box banner-layer x50 md-x50 lg-x50 y50 md-y50 lg-y50 res-text\">\n                                <div class=\"text-box-content text dark\">\n              \n              <div class=\"text-inner text-center\">\n                  \n<h2><strong><span style=\"font-size: 75%;\">L\u0128NH V\u1ef0C HO\u1ea0T \u0110\u1ed8NG<\/span><\/strong><\/h2>\n              <\/div>\n           <\/div>\n                            \n<style>\n#text-box-998058786 {\n  width: 100%;\n}\n#text-box-998058786 .text-box-content {\n  font-size: 100%;\n}\n@media (min-width:550px) {\n  #text-box-998058786 {\n    width: 60%;\n  }\n}\n<\/style>\n    <\/div>\n \n        <\/div>\n      <\/div>\n\n            \n<style>\n#banner-21942895 {\n  padding-top: 250px;\n}\n#banner-21942895 .bg.bg-loaded {\n  background-image: url(https:\/\/ngocnguyencat.com\/wp-content\/uploads\/2023\/02\/nnc-banner-1-1.jpg);\n}\n#banner-21942895 .overlay {\n  background-color: rgba(0, 0, 0, 0.6);\n}\n#banner-21942895 .bg {\n  background-position: 57% 40%;\n}\n#banner-21942895 .ux-shape-divider--top svg {\n  height: 150px;\n  --divider-top-width: 100%;\n}\n#banner-21942895 .ux-shape-divider--bottom svg {\n  height: 150px;\n  --divider-width: 100%;\n}\n<\/style>\n  <\/div>\n\n\n\t\t<\/div>\n\t\t\t\t\t<\/div>\n\n\t\n<\/div>\n\t\t<\/div>\n\n\t\t\n<style>\n#section_1414296934 {\n  padding-top: 0px;\n  padding-bottom: 0px;\n}\n#section_1414296934 .ux-shape-divider--top svg {\n  height: 150px;\n  --divider-top-width: 100%;\n}\n#section_1414296934 .ux-shape-divider--bottom svg {\n  height: 150px;\n  --divider-width: 100%;\n}\n<\/style>\n\t<\/section>\n\t\n\t<section class=\"section\" id=\"section_925700298\">\n\t\t<div class=\"bg section-bg fill bg-fill  bg-loaded\" >\n\n\t\t\t\n\t\t\t\n\t\t\t\n\n\t\t<\/div>\n\n\t\t\n\n\t\t<div class=\"section-content relative\">\n\t\t\t\n<div class=\"row align-bottom align-center\"  id=\"row-103166657\">\n\n\t<div id=\"col-652772199\" class=\"col small-12 large-12\"  data-animate=\"fadeInUp\">\n\t\t\t\t<div class=\"col-inner\"  >\n\t\t\t\n\t\t\t\n\t<div id=\"gap-1816664671\" class=\"gap-element clearfix\" style=\"display:block; height:auto;\">\n\t\t\n<style>\n#gap-1816664671 {\n  padding-top: 15px;\n}\n<\/style>\n\t<\/div>\n\t\n<h1>T\u01af V\u1ea4N QU\u1ea2N L\u00dd D\u1ef0 \u00c1N &#8211; GI\u00c1M S\u00c1T<\/h1>\n\t<div id=\"gap-1605634801\" class=\"gap-element clearfix\" style=\"display:block; height:auto;\">\n\t\t\n<style>\n#gap-1605634801 {\n  padding-top: 15px;\n}\n<\/style>\n\t<\/div>\n\t\n<div class=\"row row-large align-equal align-center\"  id=\"row-1751035976\">\n\n\t<div id=\"col-1780698314\" class=\"col medium-6 small-12 large-6\"  >\n\t\t\t\t<div class=\"col-inner\"  >\n\t\t\t\n\t\t\t\n<p style=\"text-align: justify;\">Ng\u1ecdc Nguy\u00ean C\u00e1t cung c\u1ea5p d\u1ecbch v\u1ee5 Qu\u1ea3n l\u00fd d\u1ef1 \u00e1n &#8211; Gi\u00e1m s\u00e1t cho c\u00e1c d\u1ef1 \u00e1n d\u00e2n d\u1ee5ng, c\u00f4ng nghi\u1ec7p, h\u1ea1 t\u1ea7ng k\u1ef9 thu\u1eadt, l\u1eafp \u0111\u1eb7t thi\u1ebft b\u1ecb (C\u01a1 \u0111i\u1ec7n, c\u1ea5p n\u01b0\u1edbc, tho\u00e1t n\u01b0\u1edbc). \u0110\u1ecbnh h\u01b0\u1edbng ph\u00e1t tri\u1ec3n l\u0129nh v\u1ef1c n\u00e0y h\u01b0\u1edbng t\u1edbi gi\u00e1 tr\u1ecb \u1ed5n \u0111\u1ecbnh &#8211; b\u1ec1n v\u1eefng l\u1ea5y tr\u1ecdng t\u00e2m l\u00e0 \u0111\u1ed9i ng\u0169 nh\u00e2n s\u1ef1 v\u00e0 h\u1ec7 th\u1ed1ng qu\u1ea3n l\u00fd.<\/p>\n<p style=\"text-align: justify;\">\u0110\u1ed9i ng\u0169 Ng\u1ecdc Nguy\u00ean C\u00e1t hi\u1ec7n nay l\u00e0 s\u1ef1 k\u1ebft h\u1ee3p h\u00e0i h\u00f2a c\u1ee7a ki\u1ebfn th\u1ee9c, chuy\u00ean m\u00f4n, kinh nghi\u1ec7m l\u00e2u n\u0103m qua c\u00e1c v\u1ecb tr\u00ed c\u00f4ng vi\u1ec7c t\u1eeb c\u00e1c kh\u00e2u Thi\u1ebft k\u1ebf &#8211; T\u1ed5 ch\u1ee9c thi c\u00f4ng &#8211; T\u01b0 v\u1ea5n QLDA v\u00e0 Gi\u00e1m s\u00e1t. H\u1ec7 th\u1ed1ng qu\u1ea3n l\u00fd c\u1ee7a c\u00f4ng ty lu\u00f4n \u0111\u01b0\u1ee3c ch\u0103m s\u00f3c c\u1ea3i ti\u1ebfn t\u1ed1i \u01b0u nh\u1ea5t, chu\u1ea9n m\u1ef1c, b\u00e1m s\u00e1t c\u00e1c ti\u00eau ch\u00ed c\u1ee7a d\u1ef1 \u00e1n v\u00e0 \u0111\u00fang quy \u0111\u1ecbnh ph\u00e1p lu\u1eadt hi\u1ec7n h\u00e0nh.<\/p>\n<p style=\"text-align: justify;\"><span style=\"font-size: 100%;\">C\u00f9ng v\u1edbi s\u1ef1 n\u0103ng \u0111\u1ed9ng nhi\u1ec7t huy\u1ebft, ch\u00fang t\u00f4i cam k\u1ebft cung c\u1ea5p \u0111\u1ebfn qu\u00fd kh\u00e1ch h\u00e0ng d\u1ecbch v\u1ee5 hi\u1ec7u qu\u1ea3 &#8211; chuy\u00ean nghi\u1ec7p t\u1eeb khi b\u1eaft \u0111\u1ea7u \u0111\u1ebfn khi ho\u00e0n th\u00e0nh d\u1ef1 \u00e1n.<\/span><\/p>\n\t\t<\/div>\n\t\t\t\t\t<\/div>\n\n\t\n\n\t<div id=\"col-446636645\" class=\"col medium-6 small-12 large-6\"  >\n\t\t\t\t<div class=\"col-inner\"  >\n\t\t\t\n\t\t\t\n\t<div class=\"img has-hover x md-x lg-x y md-y lg-y\" id=\"image_70403915\">\n\t\t\t\t\t\t\t\t<div class=\"img-inner dark\" >\n\t\t\t<img decoding=\"async\" width=\"1500\" height=\"1000\" src=\"https:\/\/ngocnguyencat.com\/wp-content\/uploads\/2023\/03\/linh-vuc-hoat-dong-nnc-1-1.jpg\" class=\"attachment-original size-original\" alt=\"\" srcset=\"https:\/\/ngocnguyencat.com\/wp-content\/uploads\/2023\/03\/linh-vuc-hoat-dong-nnc-1-1.jpg 1500w, https:\/\/ngocnguyencat.com\/wp-content\/uploads\/2023\/03\/linh-vuc-hoat-dong-nnc-1-1-300x200.jpg 300w, https:\/\/ngocnguyencat.com\/wp-content\/uploads\/2023\/03\/linh-vuc-hoat-dong-nnc-1-1-1024x683.jpg 1024w, https:\/\/ngocnguyencat.com\/wp-content\/uploads\/2023\/03\/linh-vuc-hoat-dong-nnc-1-1-768x512.jpg 768w\" sizes=\"(max-width: 1500px) 100vw, 1500px\" \/>\t\t\t\t\t\t\n\t\t\t\t\t<\/div>\n\t\t\t\t\t\t\t\t\n<style>\n#image_70403915 {\n  width: 100%;\n}\n<\/style>\n\t<\/div>\n\t\n\t\t<\/div>\n\t\t\t\t\t<\/div>\n\n\t\n<\/div>\n\t\t<\/div>\n\t\t\t\t\t<\/div>\n\n\t\n<\/div>\n\t\t<\/div>\n\n\t\t\n<style>\n#section_925700298 {\n  padding-top: 10px;\n  padding-bottom: 10px;\n  margin-bottom: 0px;\n  min-height: 0px;\n}\n#section_925700298 .ux-shape-divider--top svg {\n  height: 150px;\n  --divider-top-width: 100%;\n}\n#section_925700298 .ux-shape-divider--bottom svg {\n  height: 150px;\n  --divider-width: 100%;\n}\n@media (min-width:550px) {\n  #section_925700298 {\n    padding-top: 15px;\n    padding-bottom: 15px;\n  }\n}\n<\/style>\n\t<\/section>\n\t\n\t<section class=\"section\" id=\"section_1639943623\">\n\t\t<div class=\"bg section-bg fill bg-fill  bg-loaded\" >\n\n\t\t\t\n\t\t\t\n\t\t\t\n\n\t\t<\/div>\n\n\t\t\n\n\t\t<div class=\"section-content relative\">\n\t\t\t\n<div class=\"row row-small align-equal align-center wrap-service-list\"  id=\"row-1708771957\">\n\n\t<div id=\"col-293768529\" class=\"col column-service medium-3 small-6 large-3\"  data-animate=\"fadeInLeft\">\n\t\t\t\t<div class=\"col-inner text-center\"  >\n\t\t\t\n\t\t\t\n\t<div class=\"img has-hover icon-gioi-thieu x md-x lg-x y md-y lg-y\" id=\"image_1108422754\">\n\t\t\t\t\t\t\t\t<div class=\"img-inner dark\" >\n\t\t\t<img decoding=\"async\" width=\"128\" height=\"128\" src=\"https:\/\/ngocnguyencat.com\/wp-content\/uploads\/2023\/02\/honest.png\" class=\"attachment-original size-original\" alt=\"\" \/>\t\t\t\t\t\t\n\t\t\t\t\t<\/div>\n\t\t\t\t\t\t\t\t\n<style>\n#image_1108422754 {\n  width: 35%;\n}\n@media (min-width:550px) {\n  #image_1108422754 {\n    width: 25%;\n  }\n}\n<\/style>\n\t<\/div>\n\t\n<h4>TRUNG TH\u1ef0C<\/h4>\n\t\t<\/div>\n\t\t\t\t\t<\/div>\n\n\t\n\n\t<div id=\"col-825941994\" class=\"col column-service medium-3 small-6 large-3\"  data-animate=\"fadeInUp\">\n\t\t\t\t<div class=\"col-inner text-center\"  >\n\t\t\t\n\t\t\t\n\t<div class=\"img has-hover icon-gioi-thieu x md-x lg-x y md-y lg-y\" id=\"image_1144533789\">\n\t\t\t\t\t\t\t\t<div class=\"img-inner dark\" >\n\t\t\t<img decoding=\"async\" width=\"128\" height=\"128\" src=\"https:\/\/ngocnguyencat.com\/wp-content\/uploads\/2023\/02\/tech-support-1.png\" class=\"attachment-original size-original\" alt=\"\" \/>\t\t\t\t\t\t\n\t\t\t\t\t<\/div>\n\t\t\t\t\t\t\t\t\n<style>\n#image_1144533789 {\n  width: 35%;\n}\n@media (min-width:550px) {\n  #image_1144533789 {\n    width: 25%;\n  }\n}\n<\/style>\n\t<\/div>\n\t\n<h4>CHUY\u00caN NGHI\u1ec6P<\/h4>\n\t\t<\/div>\n\t\t\t\t\t<\/div>\n\n\t\n\n\t<div id=\"col-2109059344\" class=\"col column-service medium-3 small-6 large-3\"  data-animate=\"fadeInRight\">\n\t\t\t\t<div class=\"col-inner text-center\"  >\n\t\t\t\n\t\t\t\n\t<div class=\"img has-hover icon-gioi-thieu x md-x lg-x y md-y lg-y\" id=\"image_258292001\">\n\t\t\t\t\t\t\t\t<div class=\"img-inner dark\" >\n\t\t\t<img decoding=\"async\" width=\"128\" height=\"128\" src=\"https:\/\/ngocnguyencat.com\/wp-content\/uploads\/2023\/02\/shield.png\" class=\"attachment-original size-original\" alt=\"\" \/>\t\t\t\t\t\t\n\t\t\t\t\t<\/div>\n\t\t\t\t\t\t\t\t\n<style>\n#image_258292001 {\n  width: 35%;\n}\n@media (min-width:550px) {\n  #image_258292001 {\n    width: 25%;\n  }\n}\n<\/style>\n\t<\/div>\n\t\n<h4>TR\u00c1CH NHI\u1ec6M<\/h4>\n\t\t<\/div>\n\t\t\t\t\t<\/div>\n\n\t\n<\/div>\n\t\t<\/div>\n\n\t\t\n<style>\n#section_1639943623 {\n  padding-top: 50px;\n  padding-bottom: 50px;\n}\n#section_1639943623 .ux-shape-divider--top svg {\n  height: 150px;\n  --divider-top-width: 100%;\n}\n#section_1639943623 .ux-shape-divider--bottom svg {\n  height: 150px;\n  --divider-width: 100%;\n}\n<\/style>\n\t<\/section>\n\t\n\t<section class=\"section\" id=\"section_886984667\">\n\t\t<div class=\"bg section-bg fill bg-fill  bg-loaded\" >\n\n\t\t\t\n\t\t\t\n\t\t\t\n\n\t\t<\/div>\n\n\t\t\n\n\t\t<div class=\"section-content relative\">\n\t\t\t\n<div class=\"row row-small align-middle align-center\"  id=\"row-2089573947\">\n\n\t<div id=\"col-1885727030\" class=\"col small-12 large-12\"  data-animate=\"fadeInUp\">\n\t\t\t\t<div class=\"col-inner\"  >\n\t\t\t\n\t\t\t\n<h2 class=\"title-linh-vuc-mb\">C\u00c1C L\u0128NH V\u1ef0C KH\u00c1C<\/h2>\n\t\t<\/div>\n\t\t\t\t\t<\/div>\n\n\t\n<\/div>\n<div class=\"row row-small align-center\"  id=\"row-724249977\">\n\n\t<div id=\"col-957270850\" class=\"col medium-4 small-12 large-4\"  data-animate=\"fadeInUp\">\n\t\t\t\t<div class=\"col-inner\"  >\n\t\t\t\n\t\t\t\n\t<div class=\"img has-hover img-linh-vuc x md-x lg-x y md-y lg-y\" id=\"image_981993532\">\n\t\t<a class=\"\" href=\"\/thi-cong-xay-dung\"  >\t\t\t\t\t\t<div class=\"img-inner dark\" >\n\t\t\t<img decoding=\"async\" width=\"1920\" height=\"900\" src=\"https:\/\/ngocnguyencat.com\/wp-content\/uploads\/2023\/02\/nnc-banner-1-1.jpg\" class=\"attachment-original size-original\" alt=\"\" srcset=\"https:\/\/ngocnguyencat.com\/wp-content\/uploads\/2023\/02\/nnc-banner-1-1.jpg 1920w, https:\/\/ngocnguyencat.com\/wp-content\/uploads\/2023\/02\/nnc-banner-1-1-300x141.jpg 300w, https:\/\/ngocnguyencat.com\/wp-content\/uploads\/2023\/02\/nnc-banner-1-1-1024x480.jpg 1024w, https:\/\/ngocnguyencat.com\/wp-content\/uploads\/2023\/02\/nnc-banner-1-1-768x360.jpg 768w, https:\/\/ngocnguyencat.com\/wp-content\/uploads\/2023\/02\/nnc-banner-1-1-1536x720.jpg 1536w\" sizes=\"(max-width: 1920px) 100vw, 1920px\" \/>\t\t\t\t\t\t\n\t\t\t\t\t<\/div>\n\t\t\t\t\t\t<\/a>\t\t\n<style>\n#image_981993532 {\n  width: 100%;\n}\n<\/style>\n\t<\/div>\n\t\n\t\t<\/div>\n\t\t\t\t\t<\/div>\n\n\t\n\n\t<div id=\"col-1102555618\" class=\"col column-linh-vuc medium-8 small-12 large-8\"  data-animate=\"fadeInUp\">\n\t\t\t\t<div class=\"col-inner\"  >\n\t\t\t\n\t\t\t\n<h3 style=\"text-align: justify;\"><a href=\"https:\/\/ngocnguyencat.com\/en\/thi-cong-xay-dung\/\">THI C\u00d4NG X\u00c2Y D\u1ef0NG<\/a><\/h3>\n<p style=\"text-align: justify;\"><a href=\"https:\/\/ngocnguyencat.com\/en\/thi-cong-xay-dung\/\">V\u1edbi \u0111\u1ecbnh h\u01b0\u1edbng ph\u00e1t tri\u1ec3n r\u00f5 r\u00e0ng, l\u0129nh v\u1ef1c thi c\u00f4ng x\u00e2y d\u1ef1ng s\u1ebd tr\u1edf th\u00e0nh th\u1ebf m\u1ea1nh t\u1ea1o gi\u00e1 tr\u1ecb cho s\u1ef1 ph\u00e1t tri\u1ec3n \u0111\u1ed9t ph\u00e1 trong t\u01b0\u01a1ng lai v\u1edbi tr\u1ecdng t\u00e2m l\u00e0 \u1ee9ng d\u1ee5ng k\u1ecbp th\u1eddi c\u00e1c gi\u1ea3i ph\u00e1p thi c\u00f4ng ti\u00ean ti\u1ebfn v\u00e0 quy tr\u00ecnh ki\u1ec3m so\u00e1t ch\u1ea5t l\u01b0\u1ee3ng nghi\u00eam ng\u1eb7t&#8230;<\/a><\/p>\n\t\t<\/div>\n\t\t\t\t\t<\/div>\n\n\t\n<\/div>\n<div class=\"row row-small align-center\"  id=\"row-1765684558\">\n\n\t<div id=\"col-108330878\" class=\"col medium-4 small-12 large-4\"  data-animate=\"fadeInUp\">\n\t\t\t\t<div class=\"col-inner\"  >\n\t\t\t\n\t\t\t\n\t<div class=\"img has-hover img-linh-vuc x md-x lg-x y md-y lg-y\" id=\"image_1915570103\">\n\t\t<a class=\"\" href=\"\/kinh-doanh-vat-tu-thiet-bi\"  >\t\t\t\t\t\t<div class=\"img-inner dark\" >\n\t\t\t<img decoding=\"async\" width=\"2000\" height=\"1049\" src=\"https:\/\/ngocnguyencat.com\/wp-content\/uploads\/2023\/03\/linh-vuc-hoat-dong-nnc-4.jpeg\" class=\"attachment-original size-original\" alt=\"\" srcset=\"https:\/\/ngocnguyencat.com\/wp-content\/uploads\/2023\/03\/linh-vuc-hoat-dong-nnc-4.jpeg 2000w, https:\/\/ngocnguyencat.com\/wp-content\/uploads\/2023\/03\/linh-vuc-hoat-dong-nnc-4-300x157.jpeg 300w, https:\/\/ngocnguyencat.com\/wp-content\/uploads\/2023\/03\/linh-vuc-hoat-dong-nnc-4-1024x537.jpeg 1024w, https:\/\/ngocnguyencat.com\/wp-content\/uploads\/2023\/03\/linh-vuc-hoat-dong-nnc-4-768x403.jpeg 768w, https:\/\/ngocnguyencat.com\/wp-content\/uploads\/2023\/03\/linh-vuc-hoat-dong-nnc-4-1536x806.jpeg 1536w\" sizes=\"(max-width: 2000px) 100vw, 2000px\" \/>\t\t\t\t\t\t\n\t\t\t\t\t<\/div>\n\t\t\t\t\t\t<\/a>\t\t\n<style>\n#image_1915570103 {\n  width: 100%;\n}\n<\/style>\n\t<\/div>\n\t\n\t\t<\/div>\n\t\t\t\t\t<\/div>\n\n\t\n\n\t<div id=\"col-675790257\" class=\"col column-linh-vuc medium-8 small-12 large-8\"  data-animate=\"fadeInUp\">\n\t\t\t\t<div class=\"col-inner\"  >\n\t\t\t\n\t\t\t\n<h3 style=\"text-align: justify;\"><a href=\"https:\/\/ngocnguyencat.com\/en\/kinh-doanh-vat-tu-thiet-bi\/\">KINH DOANH V\u1eacT T\u01af- THI\u1ebeT B\u1eca<\/a><\/h3>\n<p style=\"text-align: justify;\"><a href=\"https:\/\/ngocnguyencat.com\/en\/kinh-doanh-vat-tu-thiet-bi\/\">\u0110\u1ea7u t\u01b0 kinh doanh V\u1eadt T\u01b0 &#8211; Thi\u1ebft b\u1ecb x\u00e2y d\u1ef1ng \u0111\u01b0\u1ee3c \u0111\u00e1nh gi\u00e1 l\u00e0 l\u0129nh v\u1ef1c h\u1ed7 tr\u1ee3 v\u00e0 li\u00ean quan m\u1eadt thi\u1ebft t\u1edbi c\u00e1c l\u0129nh v\u1ef1c m\u0169i nh\u1ecdn: T\u01b0 v\u1ea5n qu\u1ea3n l\u00fd d\u1ef1 \u00e1n &#8211; gi\u00e1m s\u00e1t v\u00e0 Thi c\u00f4ng x\u00e2y d\u1ef1ng. Ng\u1ecdc Nguy\u00ean C\u00e1t li\u00ean k\u1ebft v\u1edbi c\u00e1c \u0111\u1ed1i t\u00e1c l\u00e0 Nh\u00e0 S\u1ea3n Xu\u1ea5t, nh\u00e0 ph\u00e2n ph\u1ed1i ch\u00ednh th\u1ee9c v\u1ec1 c\u00e1c s\u1ea3n ph\u1ea9m Thi\u1ebft B\u1ecb &#8211; VLXD trong v\u00e0 ngo\u00e0i n\u01b0\u1edbc.<\/a><\/p>\n\t\t<\/div>\n\t\t\t\t\t<\/div>\n\n\t\n<\/div>\n<div class=\"row row-small align-center\"  id=\"row-110209654\">\n\n\t<div id=\"col-2031775965\" class=\"col medium-4 small-12 large-4\"  data-animate=\"fadeInUp\">\n\t\t\t\t<div class=\"col-inner\"  >\n\t\t\t\n\t\t\t\n\t<div class=\"img has-hover img-linh-vuc x md-x lg-x y md-y lg-y\" id=\"image_1127692881\">\n\t\t<a class=\"\" href=\"\/bao-tri-toa-nha-va-he-thong-ky-thuat\"  >\t\t\t\t\t\t<div class=\"img-inner dark\" >\n\t\t\t<img decoding=\"async\" width=\"1500\" height=\"775\" src=\"https:\/\/ngocnguyencat.com\/wp-content\/uploads\/2023\/03\/service-nnc.jpg\" class=\"attachment-original size-original\" alt=\"\" srcset=\"https:\/\/ngocnguyencat.com\/wp-content\/uploads\/2023\/03\/service-nnc.jpg 1500w, https:\/\/ngocnguyencat.com\/wp-content\/uploads\/2023\/03\/service-nnc-300x155.jpg 300w, https:\/\/ngocnguyencat.com\/wp-content\/uploads\/2023\/03\/service-nnc-1024x529.jpg 1024w, https:\/\/ngocnguyencat.com\/wp-content\/uploads\/2023\/03\/service-nnc-768x397.jpg 768w\" sizes=\"(max-width: 1500px) 100vw, 1500px\" \/>\t\t\t\t\t\t\n\t\t\t\t\t<\/div>\n\t\t\t\t\t\t<\/a>\t\t\n<style>\n#image_1127692881 {\n  width: 100%;\n}\n<\/style>\n\t<\/div>\n\t\n\t\t<\/div>\n\t\t\t\t\t<\/div>\n\n\t\n\n\t<div id=\"col-1235235472\" class=\"col column-linh-vuc medium-8 small-12 large-8\"  data-animate=\"fadeInUp\">\n\t\t\t\t<div class=\"col-inner\"  >\n\t\t\t\n\t\t\t\n<h3 style=\"text-align: justify;\"><a href=\"https:\/\/ngocnguyencat.com\/en\/bao-tri-toa-nha-va-he-thong-ky-thuat\/\">B\u1ea2O TR\u00cc T\u00d2A NH\u00c0 V\u00c0 H\u1ec6 TH\u1ed0NG K\u1ef8 THU\u1eacT<\/a><\/h3>\n<p style=\"text-align: justify;\"><a href=\"https:\/\/ngocnguyencat.com\/en\/bao-tri-toa-nha-va-he-thong-ky-thuat\/\">C\u00f9ng v\u1edbi \u0111\u1ecbnh h\u01b0\u1edbng chi\u1ebfn l\u01b0\u1ee3c d\u00e0i h\u1ea1n, Ng\u1ecdc Nguy\u00ean C\u00e1t \u0111\u1ea7u t\u01b0 m\u1edf r\u1ed9ng l\u0129nh v\u1ef1c cung c\u1ea5p d\u1ecbch v\u1ee5 b\u1ea3o tr\u00ec t\u00f2a nh\u00e0 v\u00e0 h\u1ec7 th\u1ed1ng k\u1ef9 thu\u1eadt theo ti\u00eau chu\u1ea9n cao, nhanh ch\u00f3ng v\u00e0 hi\u1ec7u qu\u1ea3&#8230;.<\/a><\/p>\n\t\t<\/div>\n\t\t\t\t\t<\/div>\n\n\t\n<\/div>\n\t\t<\/div>\n\n\t\t\n<style>\n#section_886984667 {\n  padding-top: 30px;\n  padding-bottom: 30px;\n}\n#section_886984667 .ux-shape-divider--top svg {\n  height: 150px;\n  --divider-top-width: 100%;\n}\n#section_886984667 .ux-shape-divider--bottom svg {\n  height: 150px;\n  --divider-width: 100%;\n}\n<\/style>\n\t<\/section>\n\t\n","protected":false},"excerpt":{"rendered":"","protected":false},"author":1,"featured_media":0,"parent":0,"menu_order":0,"comment_status":"closed","ping_status":"closed","template":"page-blank.php","meta":{"footnotes":""},"class_list":["post-1064","page","type-page","status-publish","hentry"],"yoast_head":"<!-- This site is optimized with the Yoast SEO Premium plugin v20.2.1 (Yoast SEO v20.4) - https:\/\/yoast.com\/wordpress\/plugins\/seo\/ -->\n<title>T\u01b0 v\u1ea5n qu\u1ea3n l\u00fd d\u1ef1 \u00e1n v\u00e0 gi\u00e1m s\u00e1t - Ng\u1ecdc Nguy\u00ean C\u00e1t<\/title>\n<meta name=\"robots\" content=\"index, follow, max-snippet:-1, max-image-preview:large, max-video-preview:-1\" \/>\n<link rel=\"canonical\" href=\"https:\/\/ngocnguyencat.com\/en\/tu-van-quan-ly-du-an-va-giam-sat\/\" \/>\n<meta property=\"og:locale\" content=\"en_US\" \/>\n<meta property=\"og:type\" content=\"article\" \/>\n<meta property=\"og:title\" content=\"T\u01b0 v\u1ea5n qu\u1ea3n l\u00fd d\u1ef1 \u00e1n v\u00e0 gi\u00e1m s\u00e1t\" \/>\n<meta property=\"og:url\" content=\"https:\/\/ngocnguyencat.com\/en\/tu-van-quan-ly-du-an-va-giam-sat\/\" \/>\n<meta property=\"og:site_name\" content=\"Ng\u1ecdc Nguy\u00ean C\u00e1t\" \/>\n<meta name=\"twitter:card\" content=\"summary_large_image\" \/>\n<meta name=\"twitter:label1\" content=\"Est. reading time\" \/>\n\t<meta name=\"twitter:data1\" content=\"5 minutes\" \/>\n<script type=\"application\/ld+json\" class=\"yoast-schema-graph\">{\"@context\":\"https:\/\/schema.org\",\"@graph\":[{\"@type\":\"WebPage\",\"@id\":\"https:\/\/ngocnguyencat.com\/en\/tu-van-quan-ly-du-an-va-giam-sat\/\",\"url\":\"https:\/\/ngocnguyencat.com\/en\/tu-van-quan-ly-du-an-va-giam-sat\/\",\"name\":\"T\u01b0 v\u1ea5n qu\u1ea3n l\u00fd d\u1ef1 \u00e1n v\u00e0 gi\u00e1m s\u00e1t - Ng\u1ecdc Nguy\u00ean C\u00e1t\",\"isPartOf\":{\"@id\":\"https:\/\/ngocnguyencat.com\/#website\"},\"datePublished\":\"2023-02-26T16:05:41+00:00\",\"dateModified\":\"2023-02-26T16:05:41+00:00\",\"breadcrumb\":{\"@id\":\"https:\/\/ngocnguyencat.com\/en\/tu-van-quan-ly-du-an-va-giam-sat\/#breadcrumb\"},\"inLanguage\":\"en-US\",\"potentialAction\":[{\"@type\":\"ReadAction\",\"target\":[\"https:\/\/ngocnguyencat.com\/en\/tu-van-quan-ly-du-an-va-giam-sat\/\"]}]},{\"@type\":\"BreadcrumbList\",\"@id\":\"https:\/\/ngocnguyencat.com\/en\/tu-van-quan-ly-du-an-va-giam-sat\/#breadcrumb\",\"itemListElement\":[{\"@type\":\"ListItem\",\"position\":1,\"name\":\"Home\",\"item\":\"https:\/\/ngocnguyencat.com\/en\/\"},{\"@type\":\"ListItem\",\"position\":2,\"name\":\"T\u01b0 v\u1ea5n qu\u1ea3n l\u00fd d\u1ef1 \u00e1n v\u00e0 gi\u00e1m s\u00e1t\"}]},{\"@type\":\"WebSite\",\"@id\":\"https:\/\/ngocnguyencat.com\/#website\",\"url\":\"https:\/\/ngocnguyencat.com\/\",\"name\":\"Ng\u1ecdc Nguy\u00ean C\u00e1t\",\"description\":\"\",\"potentialAction\":[{\"@type\":\"SearchAction\",\"target\":{\"@type\":\"EntryPoint\",\"urlTemplate\":\"https:\/\/ngocnguyencat.com\/?s={search_term_string}\"},\"query-input\":\"required name=search_term_string\"}],\"inLanguage\":\"en-US\"}]}<\/script>\n<!-- \/ Yoast SEO Premium plugin. -->","yoast_head_json":{"title":"T\u01b0 v\u1ea5n qu\u1ea3n l\u00fd d\u1ef1 \u00e1n v\u00e0 gi\u00e1m s\u00e1t - Ng\u1ecdc Nguy\u00ean C\u00e1t","robots":{"index":"index","follow":"follow","max-snippet":"max-snippet:-1","max-image-preview":"max-image-preview:large","max-video-preview":"max-video-preview:-1"},"canonical":"https:\/\/ngocnguyencat.com\/en\/tu-van-quan-ly-du-an-va-giam-sat\/","og_locale":"en_US","og_type":"article","og_title":"T\u01b0 v\u1ea5n qu\u1ea3n l\u00fd d\u1ef1 \u00e1n v\u00e0 gi\u00e1m s\u00e1t","og_url":"https:\/\/ngocnguyencat.com\/en\/tu-van-quan-ly-du-an-va-giam-sat\/","og_site_name":"Ng\u1ecdc Nguy\u00ean C\u00e1t","twitter_card":"summary_large_image","twitter_misc":{"Est. reading time":"5 minutes"},"schema":{"@context":"https:\/\/schema.org","@graph":[{"@type":"WebPage","@id":"https:\/\/ngocnguyencat.com\/en\/tu-van-quan-ly-du-an-va-giam-sat\/","url":"https:\/\/ngocnguyencat.com\/en\/tu-van-quan-ly-du-an-va-giam-sat\/","name":"T\u01b0 v\u1ea5n qu\u1ea3n l\u00fd d\u1ef1 \u00e1n v\u00e0 gi\u00e1m s\u00e1t - Ng\u1ecdc Nguy\u00ean C\u00e1t","isPartOf":{"@id":"https:\/\/ngocnguyencat.com\/#website"},"datePublished":"2023-02-26T16:05:41+00:00","dateModified":"2023-02-26T16:05:41+00:00","breadcrumb":{"@id":"https:\/\/ngocnguyencat.com\/en\/tu-van-quan-ly-du-an-va-giam-sat\/#breadcrumb"},"inLanguage":"en-US","potentialAction":[{"@type":"ReadAction","target":["https:\/\/ngocnguyencat.com\/en\/tu-van-quan-ly-du-an-va-giam-sat\/"]}]},{"@type":"BreadcrumbList","@id":"https:\/\/ngocnguyencat.com\/en\/tu-van-quan-ly-du-an-va-giam-sat\/#breadcrumb","itemListElement":[{"@type":"ListItem","position":1,"name":"Home","item":"https:\/\/ngocnguyencat.com\/en\/"},{"@type":"ListItem","position":2,"name":"T\u01b0 v\u1ea5n qu\u1ea3n l\u00fd d\u1ef1 \u00e1n v\u00e0 gi\u00e1m s\u00e1t"}]},{"@type":"WebSite","@id":"https:\/\/ngocnguyencat.com\/#website","url":"https:\/\/ngocnguyencat.com\/","name":"Ng\u1ecdc Nguy\u00ean C\u00e1t","description":"","potentialAction":[{"@type":"SearchAction","target":{"@type":"EntryPoint","urlTemplate":"https:\/\/ngocnguyencat.com\/?s={search_term_string}"},"query-input":"required name=search_term_string"}],"inLanguage":"en-US"}]}},"_links":{"self":[{"href":"https:\/\/ngocnguyencat.com\/en\/wp-json\/wp\/v2\/pages\/1064","targetHints":{"allow":["GET"]}}],"collection":[{"href":"https:\/\/ngocnguyencat.com\/en\/wp-json\/wp\/v2\/pages"}],"about":[{"href":"https:\/\/ngocnguyencat.com\/en\/wp-json\/wp\/v2\/types\/page"}],"author":[{"embeddable":true,"href":"https:\/\/ngocnguyencat.com\/en\/wp-json\/wp\/v2\/users\/1"}],"replies":[{"embeddable":true,"href":"https:\/\/ngocnguyencat.com\/en\/wp-json\/wp\/v2\/comments?post=1064"}],"version-history":[{"count":0,"href":"https:\/\/ngocnguyencat.com\/en\/wp-json\/wp\/v2\/pages\/1064\/revisions"}],"wp:attachment":[{"href":"https:\/\/ngocnguyencat.com\/en\/wp-json\/wp\/v2\/media?parent=1064"}],"curies":[{"name":"wp","href":"https:\/\/api.w.org\/{rel}","templated":true}]}}