{"id":1065,"date":"2023-02-23T07:42:50","date_gmt":"2023-02-23T00:42:50","guid":{"rendered":"http:\/\/ngocnguyencat.com\/tuyen-dung\/"},"modified":"2023-02-23T07:42:50","modified_gmt":"2023-02-23T00:42:50","slug":"tuyen-dung","status":"publish","type":"page","link":"https:\/\/ngocnguyencat.com\/en\/tuyen-dung\/","title":{"rendered":"Tuy\u1ec3n d\u1ee5ng"},"content":{"rendered":"\t<section class=\"section\" id=\"section_1943779383\">\n\t\t<div class=\"bg section-bg fill bg-fill  bg-loaded\" >\n\n\t\t\t\n\t\t\t\n\t\t\t\n\n\t\t<\/div>\n\n\t\t\n\n\t\t<div class=\"section-content relative\">\n\t\t\t\n<div class=\"row row-collapse row-full-width align-middle align-center\"  id=\"row-1824043348\">\n\n\t<div id=\"col-1680453650\" class=\"col small-12 large-12\"  >\n\t\t\t\t<div class=\"col-inner\"  >\n\t\t\t\n\t\t\t\n\n  <div class=\"banner has-hover\" id=\"banner-848249033\">\n          <div class=\"banner-inner fill\">\n        <div class=\"banner-bg fill\" >\n            <div class=\"bg fill bg-fill \"><\/div>\n                        <div class=\"overlay\"><\/div>            \n                    <\/div>\n\t\t\n        <div class=\"banner-layers container\">\n            <div class=\"fill banner-link\"><\/div>            \n   <div id=\"text-box-940146982\" class=\"text-box banner-layer x50 md-x50 lg-x50 y50 md-y50 lg-y50 res-text\">\n                                <div class=\"text-box-content text dark\">\n              \n              <div class=\"text-inner text-center\">\n                  \n<h3 class=\"uppercase\"><strong>TUY\u1ec2N D\u1ee4NG Ng\u1ecdc Nguy\u00ean C\u00e1t<\/strong><\/h3>\n<p>Ng\u1ecdc Nguy\u00ean C\u00e1t x\u00e2y d\u1ef1ng m\u00f4i tr\u01b0\u1eddng l\u00e0m vi\u1ec7c chuy\u00ean nghi\u1ec7p, minh b\u1ea1ch ch\u1ebf \u0111\u1ed9 ph\u00fac l\u1ee3i, \u0111\u00e3i ng\u1ed9 nh\u00e2n t\u00e0i. N\u1ebfu b\u1ea1n s\u1eb5n s\u00e0ng, ch\u00e0o m\u1eebng b\u1ea1n \u0111\u1ebfn v\u1edbi Ng\u1ecdc Nguy\u00ean C\u00e1t ! Ch\u00fang t\u00f4i c\u1ea7n b\u1ea1n!<\/p>\n<a href=\"#chon-viec-ngay\" target=\"_self\" class=\"button alert lowercase\"  >\n    <span>Ch\u1ecdn vi\u1ec7c ngay<\/span>\n  <i class=\"icon-angle-right\" aria-hidden=\"true\" ><\/i><\/a>\n\n<a href=\"#chinh-sach\" target=\"_self\" class=\"button white is-outline lowercase\"  >\n    <span>Ch\u00ednh s\u00e1ch<\/span>\n  <i class=\"icon-angle-right\" aria-hidden=\"true\" ><\/i><\/a>\n\n<a href=\"#quy-trinh-tuyen-dung\" target=\"_self\" class=\"button white is-outline lowercase\"  >\n    <span>Quy tr\u00ecnh tuy\u1ec3n d\u1ee5ng<\/span>\n  <i class=\"icon-angle-right\" aria-hidden=\"true\" ><\/i><\/a>\n\n              <\/div>\n           <\/div>\n                            \n<style>\n#text-box-940146982 {\n  width: 60%;\n}\n#text-box-940146982 .text-box-content {\n  font-size: 100%;\n}\n<\/style>\n    <\/div>\n \n        <\/div>\n      <\/div>\n\n            \n<style>\n#banner-848249033 {\n  padding-top: 300px;\n}\n#banner-848249033 .bg.bg-loaded {\n  background-image: url(https:\/\/ngocnguyencat.com\/wp-content\/uploads\/2023\/03\/service-nnc.jpg);\n}\n#banner-848249033 .overlay {\n  background-color: rgba(0, 0, 0, 0.709);\n}\n#banner-848249033 .bg {\n  background-position: 47% 55%;\n}\n#banner-848249033 .ux-shape-divider--top svg {\n  height: 150px;\n  --divider-top-width: 100%;\n}\n#banner-848249033 .ux-shape-divider--bottom svg {\n  height: 150px;\n  --divider-width: 100%;\n}\n<\/style>\n  <\/div>\n\n\n\t\t<\/div>\n\t\t\t\t\t<\/div>\n\n\t\n<\/div>\n\t\t<\/div>\n\n\t\t\n<style>\n#section_1943779383 {\n  padding-top: 0px;\n  padding-bottom: 0px;\n}\n#section_1943779383 .ux-shape-divider--top svg {\n  height: 150px;\n  --divider-top-width: 100%;\n}\n#section_1943779383 .ux-shape-divider--bottom svg {\n  height: 150px;\n  --divider-width: 100%;\n}\n<\/style>\n\t<\/section>\n\t\n\t<section class=\"section\" id=\"section_1931346036\">\n\t\t<div class=\"bg section-bg fill bg-fill  \" >\n\n\t\t\t\n\t\t\t\n\t\t\t\n\n\t\t<\/div>\n\n\t\t\n\n\t\t<div class=\"section-content relative\">\n\t\t\t\n<span class=\"scroll-to\" data-label=\"Scroll to: #chinh-sach\" data-bullet=\"false\" data-link=\"#chinh-sach\" data-title=\"Change this\"><a name=\"chinh-sach\"><\/a><\/span>\n<div class=\"row row-collapse align-middle align-center\"  id=\"row-836531057\">\n\n\t<div id=\"col-1836239695\" class=\"col medium-7 small-12 large-7\"  >\n\t\t\t\t<div class=\"col-inner\"  >\n\t\t\t\n\t\t\t\n<h2 style=\"text-align: justify;\"><span style=\"color: #ed1c24;\">CH\u00cdNH S\u00c1CH CHO NG\u01af\u1edcI LAO \u0110\u1ed8NG<\/span><\/h2>\n<p style=\"text-align: justify;\">Ng\u1ecdc Nguy\u00ean C\u00e1t r\u1ea5t ch\u00fa tr\u1ecdng \u0111\u1ebfn ch\u00ednh s\u00e1ch \u0111\u00e3i ng\u1ed9, quan t\u00e2m \u0111\u1ebfn \u0111\u1eddi s\u1ed1ng c\u1ee7a c\u00e1n b\u1ed9 nh\u00e2n vi\u00ean v\u1edbi ph\u01b0\u01a1ng ch\u00e2m t\u1ea1o cho c\u00e1n b\u1ed9 nh\u00e2n vi\u00ean c\u00f3 m\u1ed9t cu\u1ed9c s\u1ed1ng \u201c\u0111\u1ea7y \u0111\u1ee7 v\u1ec1 v\u1eadt ch\u1ea5t v\u00e0 phong ph\u00fa v\u1ec1 tinh th\u1ea7n\u201d.<\/p>\n\n\t\t<div class=\"tabbed-content chinh-sach-tuyen-dung\">\n\t\t\t\n\t\t\t<ul class=\"nav nav-pills nav-uppercase nav-size-normal nav-center\" role=\"tablist\"><li id=\"tab-h\u1ec7-th\u1ed1ng-\u0111\u00e3i-ng\u1ed9\" class=\"tab active has-icon\" role=\"presentation\"><a href=\"#tab_h\u1ec7-th\u1ed1ng-\u0111\u00e3i-ng\u1ed9\" role=\"tab\" aria-selected=\"true\" aria-controls=\"tab_h\u1ec7-th\u1ed1ng-\u0111\u00e3i-ng\u1ed9\"><span>H\u1ec7 th\u1ed1ng \u0111\u00e3i ng\u1ed9<\/span><\/a><\/li>\n<li id=\"tab-ch\u01b0\u01a1ng-tr\u00ecnh-\u0111\u00e0o-t\u1ea1o\" class=\"tab has-icon\" role=\"presentation\"><a href=\"#tab_ch\u01b0\u01a1ng-tr\u00ecnh-\u0111\u00e0o-t\u1ea1o\" tabindex=\"-1\" role=\"tab\" aria-selected=\"false\" aria-controls=\"tab_ch\u01b0\u01a1ng-tr\u00ecnh-\u0111\u00e0o-t\u1ea1o\"><span>Ch\u01b0\u01a1ng tr\u00ecnh \u0111\u00e0o t\u1ea1o<\/span><\/a><\/li>\n<li id=\"tab-ti\u00eau-ch\u00ed-\u0111\u00e1nh-gi\u00e1\" class=\"tab has-icon\" role=\"presentation\"><a href=\"#tab_ti\u00eau-ch\u00ed-\u0111\u00e1nh-gi\u00e1\" tabindex=\"-1\" role=\"tab\" aria-selected=\"false\" aria-controls=\"tab_ti\u00eau-ch\u00ed-\u0111\u00e1nh-gi\u00e1\"><span>Ti\u00eau ch\u00ed \u0111\u00e1nh gi\u00e1<\/span><\/a><\/li><\/ul><div class=\"tab-panels\"><div id=\"tab_h\u1ec7-th\u1ed1ng-\u0111\u00e3i-ng\u1ed9\" class=\"panel active entry-content\" role=\"tabpanel\" aria-labelledby=\"tab-h\u1ec7-th\u1ed1ng-\u0111\u00e3i-ng\u1ed9\">\n<ul>\n<li class=\"bullet-arrow\">L\u01b0\u01a1ng: L\u01b0\u01a1ng s\u1ea3n xu\u1ea5t kinh doanh (12 th\u00e1ng);<\/li>\n<li class=\"bullet-arrow\">Th\u01b0\u1edfng l\u01b0\u01a1ng th\u00e1ng th\u1ee9 13;<\/li>\n<li class=\"bullet-arrow\">Ph\u1ee5 c\u1ea5p: g\u1ed3m h\u1ed7 tr\u1ee3 \u0111i l\u1ea1i, c\u01b0\u1edbc \u0111i\u1ec7n tho\u1ea1i di \u0111\u1ed9ng, ki\u00eam nhi\u1ec7m;<\/li>\n<li class=\"bullet-arrow\">Ch\u1ebf \u0111\u1ed9 \u0111\u1eb7c bi\u1ec7t \u0111\u1ed1i v\u1edbi c\u00e1n b\u1ed9 l\u00e0m vi\u1ec7c c\u00f4ng tr\u00ecnh xa: bao g\u1ed3m h\u1ed7 tr\u1ee3 \u0103n, \u1edf, ngh\u1ec9 ph\u00e9p \u0111\u1ecbnh k\u1ef3, c\u01b0\u1edbc \u0111i\u1ec7n tho\u1ea1i di \u0111\u1ed9ng, ki\u00eam nhi\u1ec7m;<\/li>\n<li class=\"bullet-arrow\">Th\u01b0\u1edfng theo hi\u1ec7u qu\u1ea3 kinh doanh v\u00e0 theo th\u00e0nh t\u00edch th\u1ef1c hi\u1ec7n d\u1ef1 \u00e1n\/c\u00f4ng vi\u1ec7c;<\/li>\n<li class=\"bullet-arrow\">Kh\u00e1m s\u1ee9c kh\u1ecfe \u0111\u1ecbnh k\u1ef3, ch\u1ebf \u0111\u1ed9 ngh\u1ec9 m\u00e1t h\u00e0ng n\u0103m, qu\u00e0 t\u1eb7ng l\u1ec5 t\u1ebft sinh nh\u1eadt, \u1ed1m \u0111au..<\/li>\n<li class=\"bullet-arrow\">Ph\u00fac l\u1ee3i x\u00e3 h\u1ed9i: B\u1ea3o hi\u1ec3m x\u00e3 h\u1ed9i \/ y t\u1ebf \/th\u1ea5t nghi\u1ec7p\u2026<\/li>\n<\/ul>\n<\/div>\n<div id=\"tab_ch\u01b0\u01a1ng-tr\u00ecnh-\u0111\u00e0o-t\u1ea1o\" class=\"panel entry-content\" role=\"tabpanel\" aria-labelledby=\"tab-ch\u01b0\u01a1ng-tr\u00ecnh-\u0111\u00e0o-t\u1ea1o\">\n<ul>\n<li class=\"bullet-arrow\">\u0110\u1ea1o t\u1ea1o cho k\u1ef9 s\u01b0 m\u1edbi ra tr\u01b0\u1eddng ph\u00f9 h\u1ee3p v\u1edbi n\u0103ng l\u1ef1c v\u00e0 h\u01b0\u1edbng ph\u00e1t tri\u1ec3n c\u00e1 nh\u00e2n.<\/li>\n<li class=\"bullet-arrow\">B\u1ed3i d\u01b0\u1ee1ng \u0111\u1ed9i ng\u0169 l\u00e3nh \u0111\u1ea1o k\u1ebf c\u1eadn<\/li>\n<li class=\"bullet-arrow\">\u0110\u00e0o t\u1ea1o l\u1ea1i theo t\u1eebng chuy\u00ean m\u00f4n g\u1eafn v\u1edbi quy \u0111\u1ecbnh v\u1ec1 th\u1eddi gian lu\u00e2n chuy\u1ec3n c\u00f4ng t\u00e1c gi\u1eefa c\u00e1c v\u1ecb tr\u00ed l\u00e0m vi\u1ec7c.<\/li>\n<\/ul>\n<\/div>\n<div id=\"tab_ti\u00eau-ch\u00ed-\u0111\u00e1nh-gi\u00e1\" class=\"panel entry-content\" role=\"tabpanel\" aria-labelledby=\"tab-ti\u00eau-ch\u00ed-\u0111\u00e1nh-gi\u00e1\">\n<ul>\n<li class=\"bullet-arrow\">T\u01b0\u01a1ng x\u1ee9ng v\u1edbi k\u1ebft qu\u1ea3 c\u00f4ng vi\u1ec7c, gi\u00e1 tr\u1ecb \u0111\u00f3ng g\u00f3p cho Ng\u1ecdc Nguy\u00ean C\u00e1t<\/li>\n<li class=\"bullet-arrow\">C\u1ea1nh tranh theo th\u1ecb tr\u01b0\u1eddng;<\/li>\n<li class=\"bullet-arrow\">Khuy\u1ebfn kh\u00edch t\u0103ng k\u1ebft qu\u1ea3 v\u00e0 ch\u1ea5t l\u01b0\u1ee3ng c\u00f4ng vi\u1ec7c<\/li>\n<li class=\"bullet-arrow\">C\u00f4ng b\u1eb1ng v\u00e0 minh b\u1ea1ch.<\/li>\n<\/ul>\n<\/div><\/div><\/div>\n\t\t<\/div>\n\t\t\t\t\n<style>\n#col-1836239695 > .col-inner {\n  padding: 0px 5px 0px 5px;\n}\n<\/style>\n\t<\/div>\n\n\t\n\n\t<div id=\"col-148923888\" class=\"col medium-5 small-12 large-5\"  >\n\t\t\t\t<div class=\"col-inner\"  >\n\t\t\t\n\t\t\t\n\t\t<\/div>\n\t\t\t\t\t<\/div>\n\n\t\n<\/div>\n\t\t<\/div>\n\n\t\t\n<style>\n#section_1931346036 {\n  padding-top: 30px;\n  padding-bottom: 30px;\n}\n#section_1931346036 .section-bg.bg-loaded {\n  background-image: url(https:\/\/ngocnguyencat.com\/wp-content\/uploads\/2023\/02\/banner-tuyen-dung-1.jpg);\n}\n#section_1931346036 .ux-shape-divider--top svg {\n  height: 150px;\n  --divider-top-width: 100%;\n}\n#section_1931346036 .ux-shape-divider--bottom svg {\n  height: 150px;\n  --divider-width: 100%;\n}\n<\/style>\n\t<\/section>\n\t\n\t<section class=\"section\" id=\"section_1853229867\">\n\t\t<div class=\"bg section-bg fill bg-fill  bg-loaded\" >\n\n\t\t\t\n\t\t\t\n\t\t\t\n\n\t\t<\/div>\n\n\t\t\n\n\t\t<div class=\"section-content relative\">\n\t\t\t\n<span class=\"scroll-to\" data-label=\"Scroll to: #quy-trinh-tuyen-dung\" data-bullet=\"false\" data-link=\"#quy-trinh-tuyen-dung\" data-title=\"Change this\"><a name=\"quy-trinh-tuyen-dung\"><\/a><\/span>\n<div class=\"row row-collapse align-middle align-center\"  id=\"row-829213422\">\n\n\t<div id=\"col-63098118\" class=\"col medium-7 small-12 large-7\"  >\n\t\t\t\t<div class=\"col-inner\"  >\n\t\t\t\n\t\t\t\n<h2 style=\"text-align: justify;\"><span style=\"color: #ed1c24;\">QUY TR\u00ccNH TUY\u1ec2N D\u1ee4NG<\/span><\/h2>\n<p style=\"text-align: justify;\">T\u00ecm hi\u1ec3u c\u00e1ch m\u00e0 Ng\u1ecdc Nguy\u00ean C\u00e1t tuy\u1ec3n d\u1ee5ng nh\u00e2n s\u1ef1. T\u1ea1i Ng\u1ecdc Nguy\u00ean C\u00e1t, ch\u00ednh s\u00e1ch tuy\u1ec3n d\u1ee5ng h\u01b0\u1edbng \u0111\u1ebfn m\u1ee5c ti\u00eau h\u1ed7 tr\u1ee3 l\u1eabn nhau, chia s\u1ebb kinh nghi\u1ec7m v\u00e0 h\u1ee3p t\u00e1c ch\u1eb7t ch\u1ebd.<\/p>\n\t\t<\/div>\n\t\t\t\t\n<style>\n#col-63098118 > .col-inner {\n  padding: 0px 5px 0px 5px;\n}\n<\/style>\n\t<\/div>\n\n\t\n\n\t<div id=\"col-1818677733\" class=\"col medium-5 small-12 large-5\"  >\n\t\t\t\t<div class=\"col-inner\"  >\n\t\t\t\n\t\t\t\n\t\t<\/div>\n\t\t\t\t\t<\/div>\n\n\t\n<\/div>\n<div class=\"row row-collapse align-middle align-center\"  id=\"row-1580218269\">\n\n\t<div id=\"col-2079462374\" class=\"col medium-10 small-12 large-10\"  >\n\t\t\t\t<div class=\"col-inner text-center\"  >\n\t\t\t\n\t\t\t\n\t<div class=\"img has-hover x md-x lg-x y md-y lg-y\" id=\"image_1451202754\">\n\t\t\t\t\t\t\t\t<div class=\"img-inner dark\" >\n\t\t\t<img decoding=\"async\" width=\"969\" height=\"960\" src=\"https:\/\/ngocnguyencat.com\/wp-content\/uploads\/2023\/02\/quy-trinh-tuyen-dung-1.jpg\" class=\"attachment-original size-original\" alt=\"\" srcset=\"https:\/\/ngocnguyencat.com\/wp-content\/uploads\/2023\/02\/quy-trinh-tuyen-dung-1.jpg 969w, https:\/\/ngocnguyencat.com\/wp-content\/uploads\/2023\/02\/quy-trinh-tuyen-dung-1-300x297.jpg 300w, https:\/\/ngocnguyencat.com\/wp-content\/uploads\/2023\/02\/quy-trinh-tuyen-dung-1-150x150.jpg 150w, https:\/\/ngocnguyencat.com\/wp-content\/uploads\/2023\/02\/quy-trinh-tuyen-dung-1-768x761.jpg 768w\" sizes=\"(max-width: 969px) 100vw, 969px\" \/>\t\t\t\t\t\t\n\t\t\t\t\t<\/div>\n\t\t\t\t\t\t\t\t\n<style>\n#image_1451202754 {\n  width: 100%;\n}\n<\/style>\n\t<\/div>\n\t\n\t\t<\/div>\n\t\t\t\t\t<\/div>\n\n\t\n<\/div>\n\t\t<\/div>\n\n\t\t\n<style>\n#section_1853229867 {\n  padding-top: 30px;\n  padding-bottom: 30px;\n}\n#section_1853229867 .ux-shape-divider--top svg {\n  height: 150px;\n  --divider-top-width: 100%;\n}\n#section_1853229867 .ux-shape-divider--bottom svg {\n  height: 150px;\n  --divider-width: 100%;\n}\n<\/style>\n\t<\/section>\n\t\n","protected":false},"excerpt":{"rendered":"","protected":false},"author":1,"featured_media":0,"parent":0,"menu_order":0,"comment_status":"closed","ping_status":"closed","template":"page-blank.php","meta":{"footnotes":""},"class_list":["post-1065","page","type-page","status-publish","hentry"],"yoast_head":"<!-- This site is optimized with the Yoast SEO Premium plugin v20.2.1 (Yoast SEO v20.4) - https:\/\/yoast.com\/wordpress\/plugins\/seo\/ -->\n<title>Tuy\u1ec3n d\u1ee5ng - Ng\u1ecdc Nguy\u00ean C\u00e1t<\/title>\n<meta name=\"robots\" content=\"index, follow, max-snippet:-1, max-image-preview:large, max-video-preview:-1\" \/>\n<link rel=\"canonical\" href=\"https:\/\/ngocnguyencat.com\/en\/tuyen-dung\/\" \/>\n<meta property=\"og:locale\" content=\"en_US\" \/>\n<meta property=\"og:type\" content=\"article\" \/>\n<meta property=\"og:title\" content=\"Tuy\u1ec3n d\u1ee5ng\" \/>\n<meta property=\"og:url\" content=\"https:\/\/ngocnguyencat.com\/en\/tuyen-dung\/\" \/>\n<meta property=\"og:site_name\" content=\"Ng\u1ecdc Nguy\u00ean C\u00e1t\" \/>\n<meta name=\"twitter:card\" content=\"summary_large_image\" \/>\n<meta name=\"twitter:label1\" content=\"Est. reading time\" \/>\n\t<meta name=\"twitter:data1\" content=\"4 minutes\" \/>\n<script type=\"application\/ld+json\" class=\"yoast-schema-graph\">{\"@context\":\"https:\/\/schema.org\",\"@graph\":[{\"@type\":\"WebPage\",\"@id\":\"https:\/\/ngocnguyencat.com\/en\/tuyen-dung\/\",\"url\":\"https:\/\/ngocnguyencat.com\/en\/tuyen-dung\/\",\"name\":\"Tuy\u1ec3n d\u1ee5ng - Ng\u1ecdc Nguy\u00ean C\u00e1t\",\"isPartOf\":{\"@id\":\"https:\/\/ngocnguyencat.com\/#website\"},\"datePublished\":\"2023-02-23T00:42:50+00:00\",\"dateModified\":\"2023-02-23T00:42:50+00:00\",\"breadcrumb\":{\"@id\":\"https:\/\/ngocnguyencat.com\/en\/tuyen-dung\/#breadcrumb\"},\"inLanguage\":\"en-US\",\"potentialAction\":[{\"@type\":\"ReadAction\",\"target\":[\"https:\/\/ngocnguyencat.com\/en\/tuyen-dung\/\"]}]},{\"@type\":\"BreadcrumbList\",\"@id\":\"https:\/\/ngocnguyencat.com\/en\/tuyen-dung\/#breadcrumb\",\"itemListElement\":[{\"@type\":\"ListItem\",\"position\":1,\"name\":\"Home\",\"item\":\"https:\/\/ngocnguyencat.com\/en\/\"},{\"@type\":\"ListItem\",\"position\":2,\"name\":\"Tuy\u1ec3n d\u1ee5ng\"}]},{\"@type\":\"WebSite\",\"@id\":\"https:\/\/ngocnguyencat.com\/#website\",\"url\":\"https:\/\/ngocnguyencat.com\/\",\"name\":\"Ng\u1ecdc Nguy\u00ean C\u00e1t\",\"description\":\"\",\"potentialAction\":[{\"@type\":\"SearchAction\",\"target\":{\"@type\":\"EntryPoint\",\"urlTemplate\":\"https:\/\/ngocnguyencat.com\/?s={search_term_string}\"},\"query-input\":\"required name=search_term_string\"}],\"inLanguage\":\"en-US\"}]}<\/script>\n<!-- \/ Yoast SEO Premium plugin. -->","yoast_head_json":{"title":"Tuy\u1ec3n d\u1ee5ng - Ng\u1ecdc Nguy\u00ean C\u00e1t","robots":{"index":"index","follow":"follow","max-snippet":"max-snippet:-1","max-image-preview":"max-image-preview:large","max-video-preview":"max-video-preview:-1"},"canonical":"https:\/\/ngocnguyencat.com\/en\/tuyen-dung\/","og_locale":"en_US","og_type":"article","og_title":"Tuy\u1ec3n d\u1ee5ng","og_url":"https:\/\/ngocnguyencat.com\/en\/tuyen-dung\/","og_site_name":"Ng\u1ecdc Nguy\u00ean C\u00e1t","twitter_card":"summary_large_image","twitter_misc":{"Est. reading time":"4 minutes"},"schema":{"@context":"https:\/\/schema.org","@graph":[{"@type":"WebPage","@id":"https:\/\/ngocnguyencat.com\/en\/tuyen-dung\/","url":"https:\/\/ngocnguyencat.com\/en\/tuyen-dung\/","name":"Tuy\u1ec3n d\u1ee5ng - Ng\u1ecdc Nguy\u00ean C\u00e1t","isPartOf":{"@id":"https:\/\/ngocnguyencat.com\/#website"},"datePublished":"2023-02-23T00:42:50+00:00","dateModified":"2023-02-23T00:42:50+00:00","breadcrumb":{"@id":"https:\/\/ngocnguyencat.com\/en\/tuyen-dung\/#breadcrumb"},"inLanguage":"en-US","potentialAction":[{"@type":"ReadAction","target":["https:\/\/ngocnguyencat.com\/en\/tuyen-dung\/"]}]},{"@type":"BreadcrumbList","@id":"https:\/\/ngocnguyencat.com\/en\/tuyen-dung\/#breadcrumb","itemListElement":[{"@type":"ListItem","position":1,"name":"Home","item":"https:\/\/ngocnguyencat.com\/en\/"},{"@type":"ListItem","position":2,"name":"Tuy\u1ec3n d\u1ee5ng"}]},{"@type":"WebSite","@id":"https:\/\/ngocnguyencat.com\/#website","url":"https:\/\/ngocnguyencat.com\/","name":"Ng\u1ecdc Nguy\u00ean C\u00e1t","description":"","potentialAction":[{"@type":"SearchAction","target":{"@type":"EntryPoint","urlTemplate":"https:\/\/ngocnguyencat.com\/?s={search_term_string}"},"query-input":"required name=search_term_string"}],"inLanguage":"en-US"}]}},"_links":{"self":[{"href":"https:\/\/ngocnguyencat.com\/en\/wp-json\/wp\/v2\/pages\/1065","targetHints":{"allow":["GET"]}}],"collection":[{"href":"https:\/\/ngocnguyencat.com\/en\/wp-json\/wp\/v2\/pages"}],"about":[{"href":"https:\/\/ngocnguyencat.com\/en\/wp-json\/wp\/v2\/types\/page"}],"author":[{"embeddable":true,"href":"https:\/\/ngocnguyencat.com\/en\/wp-json\/wp\/v2\/users\/1"}],"replies":[{"embeddable":true,"href":"https:\/\/ngocnguyencat.com\/en\/wp-json\/wp\/v2\/comments?post=1065"}],"version-history":[{"count":0,"href":"https:\/\/ngocnguyencat.com\/en\/wp-json\/wp\/v2\/pages\/1065\/revisions"}],"wp:attachment":[{"href":"https:\/\/ngocnguyencat.com\/en\/wp-json\/wp\/v2\/media?parent=1065"}],"curies":[{"name":"wp","href":"https:\/\/api.w.org\/{rel}","templated":true}]}}